{"id":769,"date":"2026-03-12T00:00:53","date_gmt":"2026-03-11T23:00:53","guid":{"rendered":"http:\/\/antiquariat-steinbach.com\/rarebooks\/produkt\/2-autograph-letter-cards-signed-n-p-n-d-resp-10-dezember-n-d\/"},"modified":"2026-03-12T00:00:54","modified_gmt":"2026-03-11T23:00:54","slug":"autograph-meysenburg-malwida-freiin-von-writer-1816-1903-2-autograph-letter-cards-signed-n-p-n-d-resp-10-dezember-n-d","status":"publish","type":"product","link":"https:\/\/antiquariat-steinbach.com\/rarebooks\/produkt\/autograph-meysenburg-malwida-freiin-von-writer-1816-1903-2-autograph-letter-cards-signed-n-p-n-d-resp-10-dezember-n-d\/","title":{"rendered":"Autograph &#8211;   Meysenburg, Malwida Freiin von. Writer (1816-1903). &#8211;  2 autograph letter-cards, signed, n.p.n.d. resp. 10. Dezember n.d."},"content":{"rendered":"<p>8,5 : 11 cm. Together 4 pages on 2 leaves.<\/p>\n<p>180,00 EUR<\/p>\n","protected":false},"excerpt":{"rendered":"<p>To an unknown young lady with an invitation for tea (10.XII.) and asking for charity: &#8222;(&#8230;)Ich hoffte von Tag zu Tag endlich so weit zu sein Ihnen meinen Besuch machen zu k\u00f6nnen und m\u00fcndlich alles zu erkl\u00e4ren, aber ich habe seit mehr als 2 Monaten nicht aus dem Haus gekonnt u. keinen Besuch machen auch Abends. Niemand bei mir sehen k\u00f6nnen(&#8230;)&#8220;.<\/p>\n","protected":false},"featured_media":0,"template":"","meta":[],"product_brand":[],"product_cat":[186,32,914],"product_tag":[],"class_list":{"0":"post-769","1":"product","2":"type-product","3":"status-publish","5":"product_cat-autographen","6":"product_cat-literatur","7":"product_cat-zvab","9":"first","10":"instock","11":"purchasable","12":"product-type-simple"},"_links":{"self":[{"href":"https:\/\/antiquariat-steinbach.com\/rarebooks\/wp-json\/wp\/v2\/product\/769","targetHints":{"allow":["GET"]}}],"collection":[{"href":"https:\/\/antiquariat-steinbach.com\/rarebooks\/wp-json\/wp\/v2\/product"}],"about":[{"href":"https:\/\/antiquariat-steinbach.com\/rarebooks\/wp-json\/wp\/v2\/types\/product"}],"version-history":[{"count":3,"href":"https:\/\/antiquariat-steinbach.com\/rarebooks\/wp-json\/wp\/v2\/product\/769\/revisions"}],"predecessor-version":[{"id":18570,"href":"https:\/\/antiquariat-steinbach.com\/rarebooks\/wp-json\/wp\/v2\/product\/769\/revisions\/18570"}],"wp:attachment":[{"href":"https:\/\/antiquariat-steinbach.com\/rarebooks\/wp-json\/wp\/v2\/media?parent=769"}],"wp:term":[{"taxonomy":"product_brand","embeddable":true,"href":"https:\/\/antiquariat-steinbach.com\/rarebooks\/wp-json\/wp\/v2\/product_brand?post=769"},{"taxonomy":"product_cat","embeddable":true,"href":"https:\/\/antiquariat-steinbach.com\/rarebooks\/wp-json\/wp\/v2\/product_cat?post=769"},{"taxonomy":"product_tag","embeddable":true,"href":"https:\/\/antiquariat-steinbach.com\/rarebooks\/wp-json\/wp\/v2\/product_tag?post=769"}],"curies":[{"name":"wp","href":"https:\/\/api.w.org\/{rel}","templated":true}]}}