{"id":767,"date":"2026-03-12T00:00:53","date_gmt":"2026-03-11T23:00:53","guid":{"rendered":"http:\/\/antiquariat-steinbach.com\/rarebooks\/produkt\/2-autograph-letters-signed-st-paul-im-lavantal-and-n-p-1927\/"},"modified":"2026-03-12T00:00:54","modified_gmt":"2026-03-11T23:00:54","slug":"autograph-lobisser-switbert-painer-and-wood-cutter-1878-1943-2-autograph-letters-signed-st-paul-im-lavantal-and-n-p-1927","status":"publish","type":"product","link":"https:\/\/antiquariat-steinbach.com\/rarebooks\/produkt\/autograph-lobisser-switbert-painer-and-wood-cutter-1878-1943-2-autograph-letters-signed-st-paul-im-lavantal-and-n-p-1927\/","title":{"rendered":"Autograph &#8211;   Lobisser, Switbert. Painer and wood-cutter. (1878-1943). &#8211;  2 autograph letters, signed. St. Paul im Lavantal and n.p. 1927."},"content":{"rendered":"<p>St. Paul im Lavantal, 1927.<\/p>\n<p>27 : 21 cm. 2 1\/2 pages on 2 leaves.<\/p>\n<p>150,00 EUR<\/p>\n","protected":false},"excerpt":{"rendered":"<p>To the Gesellschaft f\u00fcr vervielf\u00e4ltigende Kunst in Vienna about the sending of a woodcut &#8222;f\u00fcr Ihre werte Zeitschrift &#8218;Grafische K\u00fcnste&#8216; (1) and about the returning of proof-print (2). &#8211; (1) &#8222;(&#8230;) Und so sende ich Ihnen (&#8230;)einen meiner kleineren Holzschnitte, der XXXIX, &#8218;Gang Mariens \u00fcbers Gebirge&#8216; (Maria ist schwanger und geht \u00fcber die Berge, ihre Base Elisabeth zu besuchen), (V)om Geheimniss umwallt, wandelt die hehre Jungfrau majest\u00e4tischen Schrittes durch vielgestaltige Natur \u00fcber einen Waldweg herein, in vornehm einfacher Umrisserscheinung durch lichten Tag, der durch wirr verschlungene Baumwelt leuchtet, abgrenzend, scheint ihr Fu\u00df nur fl\u00fcchtig, die Erdenschwere zu ber\u00fchren. Alle Kreatur beugt sich der Tr\u00e4gerin des Sch\u00f6pfers&#8230;&#8216; (August Veiter im &#8218;K\u00e4rtner Tagblatt&#8216;)(,) Es ist gelegentlich der Weihnachtsausstellung in Klagenfurt schon manches \u00fcber dieses Blatt geschrieben worden. In Wien kommt es im April zur Ausstellung (&#8230;)&#8220; (10-III.1927). -(2) &#8222;Ich sende heute Probedrucke zur\u00fcck, von denen a unbedingt der sch\u00f6nste ist, dann k\u00e4men b,c,d ist weniger gut (&#8230;)&#8220; (3.VIII, 1927).<\/p>\n","protected":false},"featured_media":0,"template":"","meta":[],"product_brand":[],"product_cat":[71,186,153,30,914],"product_tag":[],"class_list":{"0":"post-767","1":"product","2":"type-product","3":"status-publish","5":"product_cat-austriaca","6":"product_cat-autographen","7":"product_cat-graphik","8":"product_cat-malerei","9":"product_cat-zvab","11":"first","12":"instock","13":"purchasable","14":"product-type-simple"},"_links":{"self":[{"href":"https:\/\/antiquariat-steinbach.com\/rarebooks\/wp-json\/wp\/v2\/product\/767","targetHints":{"allow":["GET"]}}],"collection":[{"href":"https:\/\/antiquariat-steinbach.com\/rarebooks\/wp-json\/wp\/v2\/product"}],"about":[{"href":"https:\/\/antiquariat-steinbach.com\/rarebooks\/wp-json\/wp\/v2\/types\/product"}],"version-history":[{"count":3,"href":"https:\/\/antiquariat-steinbach.com\/rarebooks\/wp-json\/wp\/v2\/product\/767\/revisions"}],"predecessor-version":[{"id":18569,"href":"https:\/\/antiquariat-steinbach.com\/rarebooks\/wp-json\/wp\/v2\/product\/767\/revisions\/18569"}],"wp:attachment":[{"href":"https:\/\/antiquariat-steinbach.com\/rarebooks\/wp-json\/wp\/v2\/media?parent=767"}],"wp:term":[{"taxonomy":"product_brand","embeddable":true,"href":"https:\/\/antiquariat-steinbach.com\/rarebooks\/wp-json\/wp\/v2\/product_brand?post=767"},{"taxonomy":"product_cat","embeddable":true,"href":"https:\/\/antiquariat-steinbach.com\/rarebooks\/wp-json\/wp\/v2\/product_cat?post=767"},{"taxonomy":"product_tag","embeddable":true,"href":"https:\/\/antiquariat-steinbach.com\/rarebooks\/wp-json\/wp\/v2\/product_tag?post=767"}],"curies":[{"name":"wp","href":"https:\/\/api.w.org\/{rel}","templated":true}]}}