{"id":7659,"date":"2026-03-12T00:08:02","date_gmt":"2026-03-11T23:08:02","guid":{"rendered":"http:\/\/antiquariat-steinbach.com\/rarebooks\/produkt\/planung-einer-senffabrik\/"},"modified":"2026-03-12T00:08:04","modified_gmt":"2026-03-11T23:08:04","slug":"gastronomie-senffabrik-planung-einer-senffabrik","status":"publish","type":"product","link":"https:\/\/antiquariat-steinbach.com\/rarebooks\/produkt\/gastronomie-senffabrik-planung-einer-senffabrik\/","title":{"rendered":"Gastronomie &#8211;   Senffabrik: &#8211;  Planung einer Senffabrik."},"content":{"rendered":"<p>\u00d6sterreich, 1950-1951.<\/p>\n<p>30,5 : 21,5 cm. 19 maschinenschriftliche Blatt 4 mehrfach gefaltete Pl\u00e4ne. Leinenband.<\/p>\n<p>180,00 EUR<\/p>\n","protected":false},"excerpt":{"rendered":"<p>Planung einer Senffabrik: Produktionsgeb\u00e4ude, Lager, Maschinen, Kostenkalkulation usw. Die Pl\u00e4ne zeigen Geb\u00e4ude, Produktionsanlagen usw.<\/p>\n","protected":false},"featured_media":24214,"template":"","meta":[],"product_brand":[],"product_cat":[58,82,77,914],"product_tag":[],"class_list":{"0":"post-7659","1":"product","2":"type-product","3":"status-publish","4":"has-post-thumbnail","6":"product_cat-gastronomie","7":"product_cat-naturwissenschaften","8":"product_cat-technik","9":"product_cat-zvab","11":"first","12":"instock","13":"purchasable","14":"product-type-simple"},"_links":{"self":[{"href":"https:\/\/antiquariat-steinbach.com\/rarebooks\/wp-json\/wp\/v2\/product\/7659","targetHints":{"allow":["GET"]}}],"collection":[{"href":"https:\/\/antiquariat-steinbach.com\/rarebooks\/wp-json\/wp\/v2\/product"}],"about":[{"href":"https:\/\/antiquariat-steinbach.com\/rarebooks\/wp-json\/wp\/v2\/types\/product"}],"version-history":[{"count":4,"href":"https:\/\/antiquariat-steinbach.com\/rarebooks\/wp-json\/wp\/v2\/product\/7659\/revisions"}],"predecessor-version":[{"id":24213,"href":"https:\/\/antiquariat-steinbach.com\/rarebooks\/wp-json\/wp\/v2\/product\/7659\/revisions\/24213"}],"wp:featuredmedia":[{"embeddable":true,"href":"https:\/\/antiquariat-steinbach.com\/rarebooks\/wp-json\/wp\/v2\/media\/24214"}],"wp:attachment":[{"href":"https:\/\/antiquariat-steinbach.com\/rarebooks\/wp-json\/wp\/v2\/media?parent=7659"}],"wp:term":[{"taxonomy":"product_brand","embeddable":true,"href":"https:\/\/antiquariat-steinbach.com\/rarebooks\/wp-json\/wp\/v2\/product_brand?post=7659"},{"taxonomy":"product_cat","embeddable":true,"href":"https:\/\/antiquariat-steinbach.com\/rarebooks\/wp-json\/wp\/v2\/product_cat?post=7659"},{"taxonomy":"product_tag","embeddable":true,"href":"https:\/\/antiquariat-steinbach.com\/rarebooks\/wp-json\/wp\/v2\/product_tag?post=7659"}],"curies":[{"name":"wp","href":"https:\/\/api.w.org\/{rel}","templated":true}]}}