{"id":7657,"date":"2026-03-12T00:26:31","date_gmt":"2026-03-11T23:26:31","guid":{"rendered":"http:\/\/antiquariat-steinbach.com\/rarebooks\/produkt\/panorama-des-semmerings-nach-der-natur-gezeichnet-von-imre-benkert\/"},"modified":"2026-03-12T00:26:31","modified_gmt":"2026-03-11T23:26:31","slug":"weidmann-f-c-panorama-des-semmerings-nach-der-natur-gezeichnet-von-imre-benkert","status":"publish","type":"product","link":"https:\/\/antiquariat-steinbach.com\/rarebooks\/produkt\/weidmann-f-c-panorama-des-semmerings-nach-der-natur-gezeichnet-von-imre-benkert\/","title":{"rendered":"Weidmann, F.C. &#8211;  Panorama des Semmerings. Nach der Natur gezeichnet von Imre Benkert."},"content":{"rendered":"<p>Wien, Gerold, 1870.<\/p>\n<p>Achte Auflage. 17 : 11,5 cm. 16 Seiten, mehrfach gefaltetes, lithographiertes Panorama ca. 11,8 : 294 cm Halbleinenband der Zeit.<\/p>\n<p>220,00 EUR<\/p>\n","protected":false},"excerpt":{"rendered":"<p>Ds h\u00fcbsche Panorama zeigt die Station Semmering, den M\u00f6rtergraben, verchiedene viadukte und Tunnels, die ruine Klamm, den Gortschakogel, Station Eichberg, Payerbach u.a. Aus f\u00fcnf Teilen zusammengesetzt. Beschreibungen in Deutsch und Franz\u00f6sisch. &#8211; Einband st\u00e4rker berieben, das Panorama aber in gutem Zustand.<\/p>\n","protected":false},"featured_media":16322,"template":"","meta":[],"product_brand":[],"product_cat":[71,125,914],"product_tag":[],"class_list":{"0":"post-7657","1":"product","2":"type-product","3":"status-publish","4":"has-post-thumbnail","6":"product_cat-austriaca","7":"product_cat-eisenbahn","8":"product_cat-zvab","10":"first","11":"instock","12":"purchasable","13":"product-type-simple"},"_links":{"self":[{"href":"https:\/\/antiquariat-steinbach.com\/rarebooks\/wp-json\/wp\/v2\/product\/7657","targetHints":{"allow":["GET"]}}],"collection":[{"href":"https:\/\/antiquariat-steinbach.com\/rarebooks\/wp-json\/wp\/v2\/product"}],"about":[{"href":"https:\/\/antiquariat-steinbach.com\/rarebooks\/wp-json\/wp\/v2\/types\/product"}],"version-history":[{"count":5,"href":"https:\/\/antiquariat-steinbach.com\/rarebooks\/wp-json\/wp\/v2\/product\/7657\/revisions"}],"predecessor-version":[{"id":27930,"href":"https:\/\/antiquariat-steinbach.com\/rarebooks\/wp-json\/wp\/v2\/product\/7657\/revisions\/27930"}],"wp:featuredmedia":[{"embeddable":true,"href":"https:\/\/antiquariat-steinbach.com\/rarebooks\/wp-json\/wp\/v2\/media\/16322"}],"wp:attachment":[{"href":"https:\/\/antiquariat-steinbach.com\/rarebooks\/wp-json\/wp\/v2\/media?parent=7657"}],"wp:term":[{"taxonomy":"product_brand","embeddable":true,"href":"https:\/\/antiquariat-steinbach.com\/rarebooks\/wp-json\/wp\/v2\/product_brand?post=7657"},{"taxonomy":"product_cat","embeddable":true,"href":"https:\/\/antiquariat-steinbach.com\/rarebooks\/wp-json\/wp\/v2\/product_cat?post=7657"},{"taxonomy":"product_tag","embeddable":true,"href":"https:\/\/antiquariat-steinbach.com\/rarebooks\/wp-json\/wp\/v2\/product_tag?post=7657"}],"curies":[{"name":"wp","href":"https:\/\/api.w.org\/{rel}","templated":true}]}}