{"id":7641,"date":"2026-03-12T00:22:41","date_gmt":"2026-03-11T23:22:41","guid":{"rendered":"http:\/\/antiquariat-steinbach.com\/rarebooks\/produkt\/gestehe-dass-ich-gluecklich-bin\/"},"modified":"2026-03-12T00:22:43","modified_gmt":"2026-03-11T23:22:43","slug":"seewald-richard-gestehe-dass-ich-gluecklich-bin","status":"publish","type":"product","link":"https:\/\/antiquariat-steinbach.com\/rarebooks\/produkt\/seewald-richard-gestehe-dass-ich-gluecklich-bin\/","title":{"rendered":"Seewald, Richard: &#8211;  Gestehe dass ich gl\u00fccklich bin."},"content":{"rendered":"<p>Bern-B\u00fcmplitz und Leipzig, Z\u00fcst (1942).<\/p>\n<p>23,5 : 16 cm. 152 Seiten Mit 44 Illustrationen von Richard Seewald. Illustrierter Original-Pappband.<\/p>\n<p>43,00 EUR<\/p>\n","protected":false},"excerpt":{"rendered":"<p>W.-G. 7. &#8211; Erste Ausgabe.<\/p>\n","protected":false},"featured_media":22653,"template":"","meta":[],"product_brand":[],"product_cat":[541,43,32,914],"product_tag":[],"class_list":{"0":"post-7641","1":"product","2":"type-product","3":"status-publish","4":"has-post-thumbnail","6":"product_cat-20-jhdt","7":"product_cat-illustrierte-buecher","8":"product_cat-literatur","9":"product_cat-zvab","11":"first","12":"instock","13":"purchasable","14":"product-type-simple"},"_links":{"self":[{"href":"https:\/\/antiquariat-steinbach.com\/rarebooks\/wp-json\/wp\/v2\/product\/7641","targetHints":{"allow":["GET"]}}],"collection":[{"href":"https:\/\/antiquariat-steinbach.com\/rarebooks\/wp-json\/wp\/v2\/product"}],"about":[{"href":"https:\/\/antiquariat-steinbach.com\/rarebooks\/wp-json\/wp\/v2\/types\/product"}],"version-history":[{"count":3,"href":"https:\/\/antiquariat-steinbach.com\/rarebooks\/wp-json\/wp\/v2\/product\/7641\/revisions"}],"predecessor-version":[{"id":21736,"href":"https:\/\/antiquariat-steinbach.com\/rarebooks\/wp-json\/wp\/v2\/product\/7641\/revisions\/21736"}],"wp:featuredmedia":[{"embeddable":true,"href":"https:\/\/antiquariat-steinbach.com\/rarebooks\/wp-json\/wp\/v2\/media\/22653"}],"wp:attachment":[{"href":"https:\/\/antiquariat-steinbach.com\/rarebooks\/wp-json\/wp\/v2\/media?parent=7641"}],"wp:term":[{"taxonomy":"product_brand","embeddable":true,"href":"https:\/\/antiquariat-steinbach.com\/rarebooks\/wp-json\/wp\/v2\/product_brand?post=7641"},{"taxonomy":"product_cat","embeddable":true,"href":"https:\/\/antiquariat-steinbach.com\/rarebooks\/wp-json\/wp\/v2\/product_cat?post=7641"},{"taxonomy":"product_tag","embeddable":true,"href":"https:\/\/antiquariat-steinbach.com\/rarebooks\/wp-json\/wp\/v2\/product_tag?post=7641"}],"curies":[{"name":"wp","href":"https:\/\/api.w.org\/{rel}","templated":true}]}}