{"id":763,"date":"2026-04-18T00:00:37","date_gmt":"2026-04-17T22:00:37","guid":{"rendered":"http:\/\/antiquariat-steinbach.com\/rarebooks\/produkt\/autograph-postcard-signed-dresden-13-vi-1932-with-autograph-address-and-a-supplement\/"},"modified":"2026-04-18T00:00:41","modified_gmt":"2026-04-17T22:00:41","slug":"autograph-lehrs-max-art-historian-and-long-time-director-of-the-cooper-cabinet-in-dresden-1855-1938-autograph-postcard-signed-dresden-13-vi-1932-with-autograph-address-and-a-supplemen","status":"publish","type":"product","link":"https:\/\/antiquariat-steinbach.com\/rarebooks\/produkt\/autograph-lehrs-max-art-historian-and-long-time-director-of-the-cooper-cabinet-in-dresden-1855-1938-autograph-postcard-signed-dresden-13-vi-1932-with-autograph-address-and-a-supplemen\/","title":{"rendered":"Autograph &#8211;   Lehrs, Max. Art historian and long time director of the cooper-cabinet in Dresden. (1855-1938). &#8211;  Autograph postcard, signed, Dresden 13.VI, 1932. With autograph address and a supplement."},"content":{"rendered":"<p>Dresden, 1932.<\/p>\n<p>10 : 15 cm. 1 page.<\/p>\n<p>80,00 EUR<\/p>\n","protected":false},"excerpt":{"rendered":"<p>To Artur Gradmann from the art-editorial with the same name: Auf Fahne 183 unten links habe ich den Buchstaben H (dieser in Franktur) aus dem Ged\u00e4chni\u00df(!) so vorgezeichnet, wie er statt des von der Druckerei verwendeten ausschauen mu\u00df. Vielleicht ist Herr Hofrat Weixelg\u00e4rtner so g\u00fctig, ehe er klischirt (,) wird der Form nach zu kontrollieren (&#8230;)&#8220; &#8211; The mentioned &#8218;Hofrat&#8216; was the  art historian Arpad Weixelg\u00e4rtner (1872-1961), curator of the &#8218;Weltlichen und Geistlichen Schatzkammer&#8216; and from 1931 to 1933 director of the &#8218;Gem\u00e4ldegalerie of the Kunsthistorische Museum in Vienna.  &#8211; The supplement is an autograph letter, signed by Lehrs wife Dora asking for the return of proofs etc.<\/p>\n","protected":false},"featured_media":28890,"template":"","meta":[],"product_brand":[],"product_cat":[71,186,74,69,914],"product_tag":[],"class_list":{"0":"post-763","1":"product","2":"type-product","3":"status-publish","4":"has-post-thumbnail","6":"product_cat-austriaca","7":"product_cat-autographen","8":"product_cat-deutschland","9":"product_cat-kunstgeschichte","10":"product_cat-zvab","12":"first","13":"instock","14":"purchasable","15":"product-type-simple"},"_links":{"self":[{"href":"https:\/\/antiquariat-steinbach.com\/rarebooks\/wp-json\/wp\/v2\/product\/763","targetHints":{"allow":["GET"]}}],"collection":[{"href":"https:\/\/antiquariat-steinbach.com\/rarebooks\/wp-json\/wp\/v2\/product"}],"about":[{"href":"https:\/\/antiquariat-steinbach.com\/rarebooks\/wp-json\/wp\/v2\/types\/product"}],"version-history":[{"count":3,"href":"https:\/\/antiquariat-steinbach.com\/rarebooks\/wp-json\/wp\/v2\/product\/763\/revisions"}],"predecessor-version":[{"id":18567,"href":"https:\/\/antiquariat-steinbach.com\/rarebooks\/wp-json\/wp\/v2\/product\/763\/revisions\/18567"}],"wp:featuredmedia":[{"embeddable":true,"href":"https:\/\/antiquariat-steinbach.com\/rarebooks\/wp-json\/wp\/v2\/media\/28890"}],"wp:attachment":[{"href":"https:\/\/antiquariat-steinbach.com\/rarebooks\/wp-json\/wp\/v2\/media?parent=763"}],"wp:term":[{"taxonomy":"product_brand","embeddable":true,"href":"https:\/\/antiquariat-steinbach.com\/rarebooks\/wp-json\/wp\/v2\/product_brand?post=763"},{"taxonomy":"product_cat","embeddable":true,"href":"https:\/\/antiquariat-steinbach.com\/rarebooks\/wp-json\/wp\/v2\/product_cat?post=763"},{"taxonomy":"product_tag","embeddable":true,"href":"https:\/\/antiquariat-steinbach.com\/rarebooks\/wp-json\/wp\/v2\/product_tag?post=763"}],"curies":[{"name":"wp","href":"https:\/\/api.w.org\/{rel}","templated":true}]}}