{"id":761,"date":"2026-04-18T00:00:37","date_gmt":"2026-04-17T22:00:37","guid":{"rendered":"http:\/\/antiquariat-steinbach.com\/rarebooks\/produkt\/9-autograph-letters-signed-and-one-autograph-business-card\/"},"modified":"2026-04-18T00:00:37","modified_gmt":"2026-04-17T22:00:37","slug":"autograph-lefler-heinrich-graphic-artist-and-craftsman-1863-1919-9-autograph-letters-signed-and-one-autograph-business-card","status":"publish","type":"product","link":"https:\/\/antiquariat-steinbach.com\/rarebooks\/produkt\/autograph-lefler-heinrich-graphic-artist-and-craftsman-1863-1919-9-autograph-letters-signed-and-one-autograph-business-card\/","title":{"rendered":"Autograph &#8211;   Lefler, Heinrich. Graphic artist and craftsman (1863-1919). &#8211;  9 autograph letters, signed and one autograph business card."},"content":{"rendered":"<p>Vienna and M\u00f6dling, 1913 and 1914.<\/p>\n<p>20 : 16 cm. Together 17 pages on 18 leaves, the business card written in pencil on both sides.<\/p>\n<p>900,00 EUR<\/p>\n","protected":false},"excerpt":{"rendered":"<p>To Marting Gerlach sen. from Buch- und Kunstverlag Gerlach &#038; Wiedling, because of lack of time it is impossible to contribute to the &#8222;Alt Wiener Buch&#8220; (2.II. 1913), regarding an appointment (13.V.1913 with a mounted business card from Konrat Mautner), about his work at a costume-studio which went bankrupt and therefore he will work less for them (16.VIII, 1913), about the welcome interruption of his grass widower because of a visit by Gerlach (19.VIII, 1913), asking for a notice &#8222;wie viele Schwarz-weiss Zeichnungen f\u00fcr den Mozart vorgesehen sind&#8220; (how many black and white drawings he needs for the Mozart, 2.IX, 1913), and with a reminder for this request (16.IX. 1913), asking to help him in financial matters by transferring him the fees for the &#8222;des Moerike-Honorars&#8220; (9.VII, 1914), about sending drawings (14.VII, 1914>), and possible projects for books &#8222;(&#8230;) Mit dem Theresiabuch m\u00f6gen Sie schon recht haben. Es ist der sieben j\u00e4hrige Krieg jetzt auch keine sonderlich sympathische Erinnerung. Gestern war Emil Wetzler (d.i. der Musikverleger E.W.) bei mir u. erw\u00e4hnte Ihre Idee eines Buches \u00fcber unseren Kaiser. Das ist gewiss gut, w\u00fcrde mir aber gar nicht liegen . W\u00fcrden Sie nicht an einen Band Ihrer Meisterwerke d(eutscher) P(rosa) denken? Mein Plan von Sterns empfindsamer Reise ist ja jetzt hinf\u00e4llig. Aber w\u00e4re nicht an Hoffmanns Frl. v. Scuderi zu denken od. wenn dies wegen des frz. Milieus unpassend w\u00e4re,  vor Allem \u00fcberhaupt an Reuters &#8222;D\u00f6rchl\u00e4uchting? (&#8230;). (Letter from 30.VIII.1914). The business-card with notes about a work for the editorial &#8222;Ablieferung (&#8230;) Weihnachten 1905&#8220;.<\/p>\n","protected":false},"featured_media":28889,"template":"","meta":[],"product_brand":[],"product_cat":[29,71,186,153,178,914],"product_tag":[],"class_list":{"0":"post-761","1":"product","2":"type-product","3":"status-publish","4":"has-post-thumbnail","6":"product_cat-20-jahrhundert","7":"product_cat-austriaca","8":"product_cat-autographen","9":"product_cat-graphik","10":"product_cat-kunstgewerbe","11":"product_cat-zvab","13":"first","14":"instock","15":"purchasable","16":"product-type-simple"},"_links":{"self":[{"href":"https:\/\/antiquariat-steinbach.com\/rarebooks\/wp-json\/wp\/v2\/product\/761","targetHints":{"allow":["GET"]}}],"collection":[{"href":"https:\/\/antiquariat-steinbach.com\/rarebooks\/wp-json\/wp\/v2\/product"}],"about":[{"href":"https:\/\/antiquariat-steinbach.com\/rarebooks\/wp-json\/wp\/v2\/types\/product"}],"version-history":[{"count":3,"href":"https:\/\/antiquariat-steinbach.com\/rarebooks\/wp-json\/wp\/v2\/product\/761\/revisions"}],"predecessor-version":[{"id":18566,"href":"https:\/\/antiquariat-steinbach.com\/rarebooks\/wp-json\/wp\/v2\/product\/761\/revisions\/18566"}],"wp:featuredmedia":[{"embeddable":true,"href":"https:\/\/antiquariat-steinbach.com\/rarebooks\/wp-json\/wp\/v2\/media\/28889"}],"wp:attachment":[{"href":"https:\/\/antiquariat-steinbach.com\/rarebooks\/wp-json\/wp\/v2\/media?parent=761"}],"wp:term":[{"taxonomy":"product_brand","embeddable":true,"href":"https:\/\/antiquariat-steinbach.com\/rarebooks\/wp-json\/wp\/v2\/product_brand?post=761"},{"taxonomy":"product_cat","embeddable":true,"href":"https:\/\/antiquariat-steinbach.com\/rarebooks\/wp-json\/wp\/v2\/product_cat?post=761"},{"taxonomy":"product_tag","embeddable":true,"href":"https:\/\/antiquariat-steinbach.com\/rarebooks\/wp-json\/wp\/v2\/product_tag?post=761"}],"curies":[{"name":"wp","href":"https:\/\/api.w.org\/{rel}","templated":true}]}}