{"id":7591,"date":"2026-03-12T00:00:38","date_gmt":"2026-03-11T23:00:38","guid":{"rendered":"http:\/\/antiquariat-steinbach.com\/rarebooks\/produkt\/grundzuege-der-buddhistischen-malerei\/"},"modified":"2026-03-12T00:00:39","modified_gmt":"2026-03-11T23:00:39","slug":"art-seckel-dietrich-grundzuege-der-buddhistischen-malerei","status":"publish","type":"product","link":"https:\/\/antiquariat-steinbach.com\/rarebooks\/produkt\/art-seckel-dietrich-grundzuege-der-buddhistischen-malerei\/","title":{"rendered":"Art &#8211;   Seckel, Dietrich. &#8211;  Grundz\u00fcge der buddhistischen Malerei."},"content":{"rendered":"<p>Tokyo, Deutsche Gesellschaft f\u00fcr Natur- und V\u00f6lkerkunde Ostasiens, 1945.<\/p>\n<p>24,5 : 16,5 cm. 115 pages. Original wrappers.<\/p>\n<p>45,00 EUR<\/p>\n","protected":false},"excerpt":{"rendered":"<p>Mitteilungen der Deutschen Gesellschaft f\u00fcr Natur- und V\u00f6lkerkunde Ostasiens, Vol. XXXVI, part C.<\/p>\n","protected":false},"featured_media":16281,"template":"","meta":[],"product_brand":[],"product_cat":[70,59,30,110,914],"product_tag":[],"class_list":{"0":"post-7591","1":"product","2":"type-product","3":"status-publish","4":"has-post-thumbnail","6":"product_cat-japan","7":"product_cat-kulturgeschichte","8":"product_cat-malerei","9":"product_cat-theologie","10":"product_cat-zvab","12":"first","13":"instock","14":"purchasable","15":"product-type-simple"},"_links":{"self":[{"href":"https:\/\/antiquariat-steinbach.com\/rarebooks\/wp-json\/wp\/v2\/product\/7591","targetHints":{"allow":["GET"]}}],"collection":[{"href":"https:\/\/antiquariat-steinbach.com\/rarebooks\/wp-json\/wp\/v2\/product"}],"about":[{"href":"https:\/\/antiquariat-steinbach.com\/rarebooks\/wp-json\/wp\/v2\/types\/product"}],"version-history":[{"count":4,"href":"https:\/\/antiquariat-steinbach.com\/rarebooks\/wp-json\/wp\/v2\/product\/7591\/revisions"}],"predecessor-version":[{"id":18483,"href":"https:\/\/antiquariat-steinbach.com\/rarebooks\/wp-json\/wp\/v2\/product\/7591\/revisions\/18483"}],"wp:featuredmedia":[{"embeddable":true,"href":"https:\/\/antiquariat-steinbach.com\/rarebooks\/wp-json\/wp\/v2\/media\/16281"}],"wp:attachment":[{"href":"https:\/\/antiquariat-steinbach.com\/rarebooks\/wp-json\/wp\/v2\/media?parent=7591"}],"wp:term":[{"taxonomy":"product_brand","embeddable":true,"href":"https:\/\/antiquariat-steinbach.com\/rarebooks\/wp-json\/wp\/v2\/product_brand?post=7591"},{"taxonomy":"product_cat","embeddable":true,"href":"https:\/\/antiquariat-steinbach.com\/rarebooks\/wp-json\/wp\/v2\/product_cat?post=7591"},{"taxonomy":"product_tag","embeddable":true,"href":"https:\/\/antiquariat-steinbach.com\/rarebooks\/wp-json\/wp\/v2\/product_tag?post=7591"}],"curies":[{"name":"wp","href":"https:\/\/api.w.org\/{rel}","templated":true}]}}