{"id":7579,"date":"2026-03-12T00:22:35","date_gmt":"2026-03-11T23:22:35","guid":{"rendered":"http:\/\/antiquariat-steinbach.com\/rarebooks\/produkt\/der-neun-stufen-folge-kyu-i-shi-dai-uebersetzt-und-eingeleitet-von-hermann-bohner\/"},"modified":"2026-03-12T00:22:36","modified_gmt":"2026-03-11T23:22:36","slug":"seami-d-i-hermann-bohner-der-neun-stufen-folge-kyu-i-shi-dai-uebersetzt-und-eingeleitet-von-hermann-bohner","status":"publish","type":"product","link":"https:\/\/antiquariat-steinbach.com\/rarebooks\/produkt\/seami-d-i-hermann-bohner-der-neun-stufen-folge-kyu-i-shi-dai-uebersetzt-und-eingeleitet-von-hermann-bohner\/","title":{"rendered":"Seami (d.i. Hermann Bohner) &#8211;  Der neun Stufen Folge. Kyu-I-Shi-Dai. \u00dcbersetzt und eingeleitet von Hermann Bohner."},"content":{"rendered":"<p>Tokyo, Deutsche Gesellschaft f\u00fcr Natur- und V\u00f6lkerkunde Ostasiens, 1943.<\/p>\n<p>24 : 16 cm. 3 leaves, 17 pages. Typographic prited original wrappers.<\/p>\n<p>25,00 EUR<\/p>\n","protected":false},"excerpt":{"rendered":"<p>Tokyo, Deutsche Gesellschaft f\u00fcr Natur- und V\u00f6lkerkunde Ostasiens, 1943. 24 : 16 cm. 3 leaves, 17 pages. Typographic prited original&hellip;<\/p>\n","protected":false},"featured_media":0,"template":"","meta":[],"product_brand":[],"product_cat":[70,59,290,914],"product_tag":[],"class_list":{"0":"post-7579","1":"product","2":"type-product","3":"status-publish","5":"product_cat-japan","6":"product_cat-kulturgeschichte","7":"product_cat-theolgie","8":"product_cat-zvab","10":"first","11":"instock","12":"purchasable","13":"product-type-simple"},"_links":{"self":[{"href":"https:\/\/antiquariat-steinbach.com\/rarebooks\/wp-json\/wp\/v2\/product\/7579","targetHints":{"allow":["GET"]}}],"collection":[{"href":"https:\/\/antiquariat-steinbach.com\/rarebooks\/wp-json\/wp\/v2\/product"}],"about":[{"href":"https:\/\/antiquariat-steinbach.com\/rarebooks\/wp-json\/wp\/v2\/types\/product"}],"version-history":[{"count":3,"href":"https:\/\/antiquariat-steinbach.com\/rarebooks\/wp-json\/wp\/v2\/product\/7579\/revisions"}],"predecessor-version":[{"id":21697,"href":"https:\/\/antiquariat-steinbach.com\/rarebooks\/wp-json\/wp\/v2\/product\/7579\/revisions\/21697"}],"wp:attachment":[{"href":"https:\/\/antiquariat-steinbach.com\/rarebooks\/wp-json\/wp\/v2\/media?parent=7579"}],"wp:term":[{"taxonomy":"product_brand","embeddable":true,"href":"https:\/\/antiquariat-steinbach.com\/rarebooks\/wp-json\/wp\/v2\/product_brand?post=7579"},{"taxonomy":"product_cat","embeddable":true,"href":"https:\/\/antiquariat-steinbach.com\/rarebooks\/wp-json\/wp\/v2\/product_cat?post=7579"},{"taxonomy":"product_tag","embeddable":true,"href":"https:\/\/antiquariat-steinbach.com\/rarebooks\/wp-json\/wp\/v2\/product_tag?post=7579"}],"curies":[{"name":"wp","href":"https:\/\/api.w.org\/{rel}","templated":true}]}}