{"id":7551,"date":"2026-03-12T00:22:34","date_gmt":"2026-03-11T23:22:34","guid":{"rendered":"http:\/\/antiquariat-steinbach.com\/rarebooks\/produkt\/mittheilungen-der-antiquarischen-gesellschaft-in-zuerich\/"},"modified":"2026-03-12T00:22:34","modified_gmt":"2026-03-11T23:22:34","slug":"schweiz-mittheilungen-der-antiquarischen-gesellschaft-in-zuerich","status":"publish","type":"product","link":"https:\/\/antiquariat-steinbach.com\/rarebooks\/produkt\/schweiz-mittheilungen-der-antiquarischen-gesellschaft-in-zuerich\/","title":{"rendered":"Schweiz &#8211;   Mittheilungen der antiquarischen gesellschaft in Z\u00fcrich."},"content":{"rendered":"<p>Z\u00fcrich, Meyer and Zeller, 1856 &#8211; 1857.<\/p>\n<p>7 issues in 1 volume. 29 : 23,5 cm. 4 leaves, 164 pages, With many, partly coloured plates. Contemporary half cloth, title on spine.<\/p>\n<p>240,00 EUR<\/p>\n","protected":false},"excerpt":{"rendered":"<p>Contains: Keller, F. Der Einfall der Sarazenen in die Schweiz um die Mitte des X. Jahrhundert.  1 coloured plate. &#8211; Meyer, H. Die Votivhand. Eine r\u00f6mische Bronze von Aventicum. 1 plate. &#8211; Blanchet, Rod. M\u00e9moire sur les monnaies des rois de la Bourgogne transjurane. 2 plates. &#8211; V\u00f6gelin, S. Das Z\u00fcrcherische Diptychon des Consuls Areobindus. 2 folded lates. &#8211; Denkm\u00e4ler des Hauses Habsburg in der Schweiz. Erste Heft: Die Veste Habsburg im Aargau. 2 plates and 9 illustrations. &#8211; Keller, Ferdinand. Die Tapete von Sitten. Ein Beitrag zur Geschichte der Xylographie. 6 plates, partly coloured. &#8211; Beschreibung der Domkirche von Chur. 14 (1 coloured) plates.<\/p>\n","protected":false},"featured_media":17530,"template":"","meta":[],"product_brand":[],"product_cat":[65,590,69,914],"product_tag":[],"class_list":{"0":"post-7551","1":"product","2":"type-product","3":"status-publish","4":"has-post-thumbnail","6":"product_cat-geographie","7":"product_cat-kunstdenkmaeler","8":"product_cat-kunstgeschichte","9":"product_cat-zvab","11":"first","12":"instock","13":"purchasable","14":"product-type-simple"},"_links":{"self":[{"href":"https:\/\/antiquariat-steinbach.com\/rarebooks\/wp-json\/wp\/v2\/product\/7551","targetHints":{"allow":["GET"]}}],"collection":[{"href":"https:\/\/antiquariat-steinbach.com\/rarebooks\/wp-json\/wp\/v2\/product"}],"about":[{"href":"https:\/\/antiquariat-steinbach.com\/rarebooks\/wp-json\/wp\/v2\/types\/product"}],"version-history":[{"count":3,"href":"https:\/\/antiquariat-steinbach.com\/rarebooks\/wp-json\/wp\/v2\/product\/7551\/revisions"}],"predecessor-version":[{"id":21685,"href":"https:\/\/antiquariat-steinbach.com\/rarebooks\/wp-json\/wp\/v2\/product\/7551\/revisions\/21685"}],"wp:featuredmedia":[{"embeddable":true,"href":"https:\/\/antiquariat-steinbach.com\/rarebooks\/wp-json\/wp\/v2\/media\/17530"}],"wp:attachment":[{"href":"https:\/\/antiquariat-steinbach.com\/rarebooks\/wp-json\/wp\/v2\/media?parent=7551"}],"wp:term":[{"taxonomy":"product_brand","embeddable":true,"href":"https:\/\/antiquariat-steinbach.com\/rarebooks\/wp-json\/wp\/v2\/product_brand?post=7551"},{"taxonomy":"product_cat","embeddable":true,"href":"https:\/\/antiquariat-steinbach.com\/rarebooks\/wp-json\/wp\/v2\/product_cat?post=7551"},{"taxonomy":"product_tag","embeddable":true,"href":"https:\/\/antiquariat-steinbach.com\/rarebooks\/wp-json\/wp\/v2\/product_tag?post=7551"}],"curies":[{"name":"wp","href":"https:\/\/api.w.org\/{rel}","templated":true}]}}