{"id":7549,"date":"2026-03-12T00:22:31","date_gmt":"2026-03-11T23:22:31","guid":{"rendered":"http:\/\/antiquariat-steinbach.com\/rarebooks\/produkt\/99-jahre-nebelspalter-o-du-schoene-heile-schweiz\/"},"modified":"2026-03-12T00:22:33","modified_gmt":"2026-03-11T23:22:33","slug":"schweiz-maechler-f-und-g-dunant-99-jahre-nebelspalter-o-du-schoene-heile-schweiz","status":"publish","type":"product","link":"https:\/\/antiquariat-steinbach.com\/rarebooks\/produkt\/schweiz-maechler-f-und-g-dunant-99-jahre-nebelspalter-o-du-schoene-heile-schweiz\/","title":{"rendered":"Schweiz &#8211;   M\u00e4chler, F und G. Dunant. &#8211;  99 Jahre Nebelspalter. O du sch\u00f6ne heile Schweiz."},"content":{"rendered":"<p>Rohrschach, L\u00f6pfe-Benz, 1973.<\/p>\n<p>33 : 23,5 cm. 128 Seiten mit vielen teils fabigen Tafeln und Abbildungen. Farbig illustrierter Original-Umschlag.<\/p>\n<p>18,00 EUR<\/p>\n","protected":false},"excerpt":{"rendered":"<p>Die Illustrationen stamen von den Schweizer K\u00fcnstlern Fredy Sigg, Stauber, Scapa, H.U. Steger, Hans Sigg, P.H\u00fcnzeler u.a. &#8211; Umschlag gering l\u00e4diert.<\/p>\n","protected":false},"featured_media":24970,"template":"","meta":[],"product_brand":[],"product_cat":[123,76,914],"product_tag":[],"class_list":{"0":"post-7549","1":"product","2":"type-product","3":"status-publish","4":"has-post-thumbnail","6":"product_cat-karikatur","7":"product_cat-schweiz","8":"product_cat-zvab","10":"first","11":"instock","12":"purchasable","13":"product-type-simple"},"_links":{"self":[{"href":"https:\/\/antiquariat-steinbach.com\/rarebooks\/wp-json\/wp\/v2\/product\/7549","targetHints":{"allow":["GET"]}}],"collection":[{"href":"https:\/\/antiquariat-steinbach.com\/rarebooks\/wp-json\/wp\/v2\/product"}],"about":[{"href":"https:\/\/antiquariat-steinbach.com\/rarebooks\/wp-json\/wp\/v2\/types\/product"}],"version-history":[{"count":3,"href":"https:\/\/antiquariat-steinbach.com\/rarebooks\/wp-json\/wp\/v2\/product\/7549\/revisions"}],"predecessor-version":[{"id":21684,"href":"https:\/\/antiquariat-steinbach.com\/rarebooks\/wp-json\/wp\/v2\/product\/7549\/revisions\/21684"}],"wp:featuredmedia":[{"embeddable":true,"href":"https:\/\/antiquariat-steinbach.com\/rarebooks\/wp-json\/wp\/v2\/media\/24970"}],"wp:attachment":[{"href":"https:\/\/antiquariat-steinbach.com\/rarebooks\/wp-json\/wp\/v2\/media?parent=7549"}],"wp:term":[{"taxonomy":"product_brand","embeddable":true,"href":"https:\/\/antiquariat-steinbach.com\/rarebooks\/wp-json\/wp\/v2\/product_brand?post=7549"},{"taxonomy":"product_cat","embeddable":true,"href":"https:\/\/antiquariat-steinbach.com\/rarebooks\/wp-json\/wp\/v2\/product_cat?post=7549"},{"taxonomy":"product_tag","embeddable":true,"href":"https:\/\/antiquariat-steinbach.com\/rarebooks\/wp-json\/wp\/v2\/product_tag?post=7549"}],"curies":[{"name":"wp","href":"https:\/\/api.w.org\/{rel}","templated":true}]}}