{"id":7543,"date":"2026-03-12T00:22:31","date_gmt":"2026-03-11T23:22:31","guid":{"rendered":"http:\/\/antiquariat-steinbach.com\/rarebooks\/produkt\/wiener-werkstaette-kunst-und-handwerk-1903-1932-bildauswahl-und-gestaltung-von-christian-brandstaetter-und-werner-j-schweiger\/"},"modified":"2026-03-12T00:22:33","modified_gmt":"2026-03-11T23:22:33","slug":"schweiger-wrner-j-wiener-werkstaette-kunst-und-handwerk-1903-1932-bildauswahl-und-gestaltung-von-christian-brandstaetter-und-werner-j-schweiger","status":"publish","type":"product","link":"https:\/\/antiquariat-steinbach.com\/rarebooks\/produkt\/schweiger-wrner-j-wiener-werkstaette-kunst-und-handwerk-1903-1932-bildauswahl-und-gestaltung-von-christian-brandstaetter-und-werner-j-schweiger\/","title":{"rendered":"Schweiger, Wrner J. &#8211;  Wiener Werkst\u00e4tte. Kunst und Handwerk 1903 &#8211; 1932. Bildauswahl und Gestaltung von Christian Brandst\u00e4tter und Werner J. Schweiger."},"content":{"rendered":"<p>Vienna, Brandst\u00e4tter, 1982.<\/p>\n<p>29,5 : 24,5 cm.<\/p>\n<p>120,00 EUR<\/p>\n","protected":false},"excerpt":{"rendered":"<p>285 pages with 700 illustrations, 194 in colour. Original cloth with illustrated dust-jacket, slipcase. The ultimate work on the crafts and art of the Wiener Werkst\u00e4tte. Profusely illustrated and with 213 biographies of artists which have been working for the Wiener Werkst\u00e4tte. Original cloth with illustrated dust-jacket, slipcase.<\/p>\n","protected":false},"featured_media":0,"template":"","meta":[],"product_brand":[],"product_cat":[837,424,914],"product_tag":[],"class_list":{"0":"post-7543","1":"product","2":"type-product","3":"status-publish","5":"product_cat-wiener-werkstaette-vienna-cubo-werkstaette","6":"product_cat-wienersecession","7":"product_cat-zvab","9":"first","10":"instock","11":"purchasable","12":"product-type-simple"},"_links":{"self":[{"href":"https:\/\/antiquariat-steinbach.com\/rarebooks\/wp-json\/wp\/v2\/product\/7543","targetHints":{"allow":["GET"]}}],"collection":[{"href":"https:\/\/antiquariat-steinbach.com\/rarebooks\/wp-json\/wp\/v2\/product"}],"about":[{"href":"https:\/\/antiquariat-steinbach.com\/rarebooks\/wp-json\/wp\/v2\/types\/product"}],"version-history":[{"count":3,"href":"https:\/\/antiquariat-steinbach.com\/rarebooks\/wp-json\/wp\/v2\/product\/7543\/revisions"}],"predecessor-version":[{"id":21682,"href":"https:\/\/antiquariat-steinbach.com\/rarebooks\/wp-json\/wp\/v2\/product\/7543\/revisions\/21682"}],"wp:attachment":[{"href":"https:\/\/antiquariat-steinbach.com\/rarebooks\/wp-json\/wp\/v2\/media?parent=7543"}],"wp:term":[{"taxonomy":"product_brand","embeddable":true,"href":"https:\/\/antiquariat-steinbach.com\/rarebooks\/wp-json\/wp\/v2\/product_brand?post=7543"},{"taxonomy":"product_cat","embeddable":true,"href":"https:\/\/antiquariat-steinbach.com\/rarebooks\/wp-json\/wp\/v2\/product_cat?post=7543"},{"taxonomy":"product_tag","embeddable":true,"href":"https:\/\/antiquariat-steinbach.com\/rarebooks\/wp-json\/wp\/v2\/product_tag?post=7543"}],"curies":[{"name":"wp","href":"https:\/\/api.w.org\/{rel}","templated":true}]}}