{"id":7539,"date":"2026-03-12T00:22:31","date_gmt":"2026-03-11T23:22:31","guid":{"rendered":"http:\/\/antiquariat-steinbach.com\/rarebooks\/produkt\/oesterreichisches-museum\/"},"modified":"2026-03-12T00:22:32","modified_gmt":"2026-03-11T23:22:32","slug":"schweickhardt-von-sickingen-franz-xaver-oesterreichisches-museum","status":"publish","type":"product","link":"https:\/\/antiquariat-steinbach.com\/rarebooks\/produkt\/schweickhardt-von-sickingen-franz-xaver-oesterreichisches-museum\/","title":{"rendered":"Schweickhardt von Sickingen, Franz Xaver: &#8211;  Oesterreichisches Museum."},"content":{"rendered":"<p>Wien, 1833-1837.<\/p>\n<p>4 B\u00e4nde. 22 : 15 cm. Mit 22 gestochenen Tafeln. Gr\u00fcne Leinenb\u00e4nde der Zeit mit R\u00fcckenschild.<\/p>\n<p>200,00 EUR<\/p>\n","protected":false},"excerpt":{"rendered":"<p>Stellenweise etwas stockfleckig. &#8211; Slg. Mayer 1871.<\/p>\n","protected":false},"featured_media":0,"template":"","meta":[],"product_brand":[],"product_cat":[71,65,97,914],"product_tag":[],"class_list":{"0":"post-7539","1":"product","2":"type-product","3":"status-publish","5":"product_cat-austriaca","6":"product_cat-geographie","7":"product_cat-geschichte","8":"product_cat-zvab","10":"first","11":"instock","12":"purchasable","13":"product-type-simple"},"_links":{"self":[{"href":"https:\/\/antiquariat-steinbach.com\/rarebooks\/wp-json\/wp\/v2\/product\/7539","targetHints":{"allow":["GET"]}}],"collection":[{"href":"https:\/\/antiquariat-steinbach.com\/rarebooks\/wp-json\/wp\/v2\/product"}],"about":[{"href":"https:\/\/antiquariat-steinbach.com\/rarebooks\/wp-json\/wp\/v2\/types\/product"}],"version-history":[{"count":3,"href":"https:\/\/antiquariat-steinbach.com\/rarebooks\/wp-json\/wp\/v2\/product\/7539\/revisions"}],"predecessor-version":[{"id":21679,"href":"https:\/\/antiquariat-steinbach.com\/rarebooks\/wp-json\/wp\/v2\/product\/7539\/revisions\/21679"}],"wp:attachment":[{"href":"https:\/\/antiquariat-steinbach.com\/rarebooks\/wp-json\/wp\/v2\/media?parent=7539"}],"wp:term":[{"taxonomy":"product_brand","embeddable":true,"href":"https:\/\/antiquariat-steinbach.com\/rarebooks\/wp-json\/wp\/v2\/product_brand?post=7539"},{"taxonomy":"product_cat","embeddable":true,"href":"https:\/\/antiquariat-steinbach.com\/rarebooks\/wp-json\/wp\/v2\/product_cat?post=7539"},{"taxonomy":"product_tag","embeddable":true,"href":"https:\/\/antiquariat-steinbach.com\/rarebooks\/wp-json\/wp\/v2\/product_tag?post=7539"}],"curies":[{"name":"wp","href":"https:\/\/api.w.org\/{rel}","templated":true}]}}