{"id":7533,"date":"2026-03-12T00:00:44","date_gmt":"2026-03-11T23:00:44","guid":{"rendered":"http:\/\/antiquariat-steinbach.com\/rarebooks\/produkt\/technisches-taschenlexikon-handbuch-fuer-industrielle-gewerbetreibende-landwirte-fabriksleiter-ingenieure-betriebsbeamte-monteure-und-maschinisten\/"},"modified":"2026-03-12T00:00:46","modified_gmt":"2026-03-11T23:00:46","slug":"au-schwarz-rudolf-herausgeber-technisches-taschenlexikon-handbuch-fuer-industrielle-gewerbetreibende-landwirte-fabriksleiter-ingenieure-betriebsbeamte-monteure-und-maschinisten","status":"publish","type":"product","link":"https:\/\/antiquariat-steinbach.com\/rarebooks\/produkt\/au-schwarz-rudolf-herausgeber-technisches-taschenlexikon-handbuch-fuer-industrielle-gewerbetreibende-landwirte-fabriksleiter-ingenieure-betriebsbeamte-monteure-und-maschinisten\/","title":{"rendered":"AU &#8211;   Schwarz, Rudolf (Herausgeber): &#8211;  Technisches Taschenlexikon, Handbuch f\u00fcr Industrielle, Gewerbetreibende, Landwirte, Fabriksleiter, Ingenieure, Betriebsbeamte, Monteure und Maschinisten."},"content":{"rendered":"<p>Wien, Selbstverlag o.J. (um 1910).<\/p>\n<p>18,5 : 13 cm. XXIV, 1470 Seiten, 1 Blatt mit 6735 Abbildungen. Original-Leinenband.<\/p>\n<p>60,00 EUR<\/p>\n","protected":false},"excerpt":{"rendered":"<p>\u00c4u\u00dferst umfangreiches Lexikon. Einleitung und Inhalt in 10 Sprachen. Reicht von technischen Analysen bis Z\u00fcndholzfabrikation, fast alles mit Abbildung. &#8211; &#8222;Das Taschenlexikon gibt Aufschlu\u00df \u00fcber die neuesten und bew\u00e4hrtesten Maschinen, Werkzeuge, Apparate und Behelfe, welche zur Errichtung nd zum Betriebe irgend eines gewerblichen oder landwirtschaftlichen Unternehmens erforderlich sind&#8230;Es orientiert den Leser zugleich, soweit als m\u00f6glich \u00fcber die Preise&#8230;&#8220; (Vorwort). &#8211;  Einband etwas berieben.<\/p>\n","protected":false},"featured_media":16309,"template":"","meta":[],"product_brand":[],"product_cat":[77,111,914],"product_tag":[],"class_list":{"0":"post-7533","1":"product","2":"type-product","3":"status-publish","4":"has-post-thumbnail","6":"product_cat-technik","7":"product_cat-varia","8":"product_cat-zvab","10":"first","11":"instock","12":"purchasable","13":"product-type-simple"},"_links":{"self":[{"href":"https:\/\/antiquariat-steinbach.com\/rarebooks\/wp-json\/wp\/v2\/product\/7533","targetHints":{"allow":["GET"]}}],"collection":[{"href":"https:\/\/antiquariat-steinbach.com\/rarebooks\/wp-json\/wp\/v2\/product"}],"about":[{"href":"https:\/\/antiquariat-steinbach.com\/rarebooks\/wp-json\/wp\/v2\/types\/product"}],"version-history":[{"count":4,"href":"https:\/\/antiquariat-steinbach.com\/rarebooks\/wp-json\/wp\/v2\/product\/7533\/revisions"}],"predecessor-version":[{"id":18519,"href":"https:\/\/antiquariat-steinbach.com\/rarebooks\/wp-json\/wp\/v2\/product\/7533\/revisions\/18519"}],"wp:featuredmedia":[{"embeddable":true,"href":"https:\/\/antiquariat-steinbach.com\/rarebooks\/wp-json\/wp\/v2\/media\/16309"}],"wp:attachment":[{"href":"https:\/\/antiquariat-steinbach.com\/rarebooks\/wp-json\/wp\/v2\/media?parent=7533"}],"wp:term":[{"taxonomy":"product_brand","embeddable":true,"href":"https:\/\/antiquariat-steinbach.com\/rarebooks\/wp-json\/wp\/v2\/product_brand?post=7533"},{"taxonomy":"product_cat","embeddable":true,"href":"https:\/\/antiquariat-steinbach.com\/rarebooks\/wp-json\/wp\/v2\/product_cat?post=7533"},{"taxonomy":"product_tag","embeddable":true,"href":"https:\/\/antiquariat-steinbach.com\/rarebooks\/wp-json\/wp\/v2\/product_tag?post=7533"}],"curies":[{"name":"wp","href":"https:\/\/api.w.org\/{rel}","templated":true}]}}