{"id":7527,"date":"2026-03-12T00:10:19","date_gmt":"2026-03-11T23:10:19","guid":{"rendered":"http:\/\/antiquariat-steinbach.com\/rarebooks\/produkt\/ueber-japanisches-naturgefuehl\/"},"modified":"2026-03-12T00:10:19","modified_gmt":"2026-03-11T23:10:19","slug":"history-schwalbe-hans-ueber-japanisches-naturgefuehl","status":"publish","type":"product","link":"https:\/\/antiquariat-steinbach.com\/rarebooks\/produkt\/history-schwalbe-hans-ueber-japanisches-naturgefuehl\/","title":{"rendered":"History &#8211;   Schwalbe, Hans. &#8211;  \u00dcber japanisches Naturgef\u00fchl."},"content":{"rendered":"<p>Tokyo, Deutsche Gesellschaft f\u00fcr Natur- und V\u00f6lkerkunde Ostasiens, 1938.<\/p>\n<p>24,5 : 16,5 cm. 2 leaves, 65 pages. Typographic printed original wrappers.<\/p>\n<p>20,00 EUR<\/p>\n","protected":false},"excerpt":{"rendered":"<p>Mitteilngen der Deutschen Gesellschaft f\u00fcr Natur- und V\u00f6lkerkunde Ostasiens, Vol. XXXII, part F.<\/p>\n","protected":false},"featured_media":16858,"template":"","meta":[],"product_brand":[],"product_cat":[70,59,82,914],"product_tag":[],"class_list":{"0":"post-7527","1":"product","2":"type-product","3":"status-publish","4":"has-post-thumbnail","6":"product_cat-japan","7":"product_cat-kulturgeschichte","8":"product_cat-naturwissenschaften","9":"product_cat-zvab","11":"first","12":"instock","13":"purchasable","14":"product-type-simple"},"_links":{"self":[{"href":"https:\/\/antiquariat-steinbach.com\/rarebooks\/wp-json\/wp\/v2\/product\/7527","targetHints":{"allow":["GET"]}}],"collection":[{"href":"https:\/\/antiquariat-steinbach.com\/rarebooks\/wp-json\/wp\/v2\/product"}],"about":[{"href":"https:\/\/antiquariat-steinbach.com\/rarebooks\/wp-json\/wp\/v2\/types\/product"}],"version-history":[{"count":4,"href":"https:\/\/antiquariat-steinbach.com\/rarebooks\/wp-json\/wp\/v2\/product\/7527\/revisions"}],"predecessor-version":[{"id":19871,"href":"https:\/\/antiquariat-steinbach.com\/rarebooks\/wp-json\/wp\/v2\/product\/7527\/revisions\/19871"}],"wp:featuredmedia":[{"embeddable":true,"href":"https:\/\/antiquariat-steinbach.com\/rarebooks\/wp-json\/wp\/v2\/media\/16858"}],"wp:attachment":[{"href":"https:\/\/antiquariat-steinbach.com\/rarebooks\/wp-json\/wp\/v2\/media?parent=7527"}],"wp:term":[{"taxonomy":"product_brand","embeddable":true,"href":"https:\/\/antiquariat-steinbach.com\/rarebooks\/wp-json\/wp\/v2\/product_brand?post=7527"},{"taxonomy":"product_cat","embeddable":true,"href":"https:\/\/antiquariat-steinbach.com\/rarebooks\/wp-json\/wp\/v2\/product_cat?post=7527"},{"taxonomy":"product_tag","embeddable":true,"href":"https:\/\/antiquariat-steinbach.com\/rarebooks\/wp-json\/wp\/v2\/product_tag?post=7527"}],"curies":[{"name":"wp","href":"https:\/\/api.w.org\/{rel}","templated":true}]}}