{"id":7495,"date":"2026-03-12T00:22:28","date_gmt":"2026-03-11T23:22:28","guid":{"rendered":"http:\/\/antiquariat-steinbach.com\/rarebooks\/produkt\/magazin-fuer-den-deutschen-buchhandel\/"},"modified":"2026-03-12T00:22:29","modified_gmt":"2026-03-11T23:22:29","slug":"schuermann-august-herausgeber-magazin-fuer-den-deutschen-buchhandel","status":"publish","type":"product","link":"https:\/\/antiquariat-steinbach.com\/rarebooks\/produkt\/schuermann-august-herausgeber-magazin-fuer-den-deutschen-buchhandel\/","title":{"rendered":"Sch\u00fcrmann, August (Herausgeber): &#8211;  Magazin f\u00fcr den Deutschen Buchhandel."},"content":{"rendered":"<p>Leipzig, Expedition des Buchh\u00e4ndler-Magazins 1874 &#8211; 1876.<\/p>\n<p>3 Jahrg\u00e4nge in 1 Band. 25 : 17 cm. 2 Blatt, 220 Seiten; 2 Blatt, 232 Seiten; 2 Blatt, 252 Seiten Halbleinenband der Zeit.<\/p>\n<p>60,00 EUR<\/p>\n","protected":false},"excerpt":{"rendered":"<p>Die ersten drei Jahrg\u00e4nge des &#8222;kritisch-constructiven&#8220; Monatsblattes f\u00fcr den deutschen Buchhandel. Behandelt werden alle Aspekte des Buchhandels. &#8211; Zwei Blatt mit Brandrand und etwas Buchstabenverlust, sonst sauber und komplett.<\/p>\n","protected":false},"featured_media":27994,"template":"","meta":[],"product_brand":[],"product_cat":[280,99,342,914],"product_tag":[],"class_list":{"0":"post-7495","1":"product","2":"type-product","3":"status-publish","4":"has-post-thumbnail","6":"product_cat-bibliographie","7":"product_cat-buchwesen","8":"product_cat-ffm11","9":"product_cat-zvab","11":"first","12":"instock","13":"purchasable","14":"product-type-simple"},"_links":{"self":[{"href":"https:\/\/antiquariat-steinbach.com\/rarebooks\/wp-json\/wp\/v2\/product\/7495","targetHints":{"allow":["GET"]}}],"collection":[{"href":"https:\/\/antiquariat-steinbach.com\/rarebooks\/wp-json\/wp\/v2\/product"}],"about":[{"href":"https:\/\/antiquariat-steinbach.com\/rarebooks\/wp-json\/wp\/v2\/types\/product"}],"version-history":[{"count":5,"href":"https:\/\/antiquariat-steinbach.com\/rarebooks\/wp-json\/wp\/v2\/product\/7495\/revisions"}],"predecessor-version":[{"id":28800,"href":"https:\/\/antiquariat-steinbach.com\/rarebooks\/wp-json\/wp\/v2\/product\/7495\/revisions\/28800"}],"wp:featuredmedia":[{"embeddable":true,"href":"https:\/\/antiquariat-steinbach.com\/rarebooks\/wp-json\/wp\/v2\/media\/27994"}],"wp:attachment":[{"href":"https:\/\/antiquariat-steinbach.com\/rarebooks\/wp-json\/wp\/v2\/media?parent=7495"}],"wp:term":[{"taxonomy":"product_brand","embeddable":true,"href":"https:\/\/antiquariat-steinbach.com\/rarebooks\/wp-json\/wp\/v2\/product_brand?post=7495"},{"taxonomy":"product_cat","embeddable":true,"href":"https:\/\/antiquariat-steinbach.com\/rarebooks\/wp-json\/wp\/v2\/product_cat?post=7495"},{"taxonomy":"product_tag","embeddable":true,"href":"https:\/\/antiquariat-steinbach.com\/rarebooks\/wp-json\/wp\/v2\/product_tag?post=7495"}],"curies":[{"name":"wp","href":"https:\/\/api.w.org\/{rel}","templated":true}]}}