{"id":7493,"date":"2026-03-12T00:22:28","date_gmt":"2026-03-11T23:22:28","guid":{"rendered":"http:\/\/antiquariat-steinbach.com\/rarebooks\/produkt\/von-dem-therapeutichen-gebrauche-des-bilsenkrautes\/"},"modified":"2026-03-12T00:22:29","modified_gmt":"2026-03-11T23:22:29","slug":"schuepach-ferdinand-albrecht-david-von-dem-therapeutichen-gebrauche-des-bilsenkrautes","status":"publish","type":"product","link":"https:\/\/antiquariat-steinbach.com\/rarebooks\/produkt\/schuepach-ferdinand-albrecht-david-von-dem-therapeutichen-gebrauche-des-bilsenkrautes\/","title":{"rendered":"Sch\u00fcpach, Ferdinand Albrecht David. &#8211;  Von dem therapeutichen Gebrauche des Bilsenkrautes."},"content":{"rendered":"<p>W\u00fcrzburg, Nitribitt, 1818.<\/p>\n<p>20 : 11,5 cm. 60 Seiten.<\/p>\n<p>450,00 EUR<\/p>\n","protected":false},"excerpt":{"rendered":"<p>Seltene Schrift \u00fcber die richtige Verwendung des Bilsenkrautes. &#8211; riderich Albrecht Tribolet, Doctor der Medicin, Sanit\u00e4tsrath des Katon Bern zugeeignet. &#8211; Papierbedingt etwas gebr\u00e4unt.<\/p>\n","protected":false},"featured_media":17522,"template":"","meta":[],"product_brand":[],"product_cat":[179,82,914],"product_tag":[],"class_list":{"0":"post-7493","1":"product","2":"type-product","3":"status-publish","4":"has-post-thumbnail","6":"product_cat-medizin","7":"product_cat-naturwissenschaften","8":"product_cat-zvab","10":"first","11":"instock","12":"purchasable","13":"product-type-simple"},"_links":{"self":[{"href":"https:\/\/antiquariat-steinbach.com\/rarebooks\/wp-json\/wp\/v2\/product\/7493","targetHints":{"allow":["GET"]}}],"collection":[{"href":"https:\/\/antiquariat-steinbach.com\/rarebooks\/wp-json\/wp\/v2\/product"}],"about":[{"href":"https:\/\/antiquariat-steinbach.com\/rarebooks\/wp-json\/wp\/v2\/types\/product"}],"version-history":[{"count":3,"href":"https:\/\/antiquariat-steinbach.com\/rarebooks\/wp-json\/wp\/v2\/product\/7493\/revisions"}],"predecessor-version":[{"id":21662,"href":"https:\/\/antiquariat-steinbach.com\/rarebooks\/wp-json\/wp\/v2\/product\/7493\/revisions\/21662"}],"wp:featuredmedia":[{"embeddable":true,"href":"https:\/\/antiquariat-steinbach.com\/rarebooks\/wp-json\/wp\/v2\/media\/17522"}],"wp:attachment":[{"href":"https:\/\/antiquariat-steinbach.com\/rarebooks\/wp-json\/wp\/v2\/media?parent=7493"}],"wp:term":[{"taxonomy":"product_brand","embeddable":true,"href":"https:\/\/antiquariat-steinbach.com\/rarebooks\/wp-json\/wp\/v2\/product_brand?post=7493"},{"taxonomy":"product_cat","embeddable":true,"href":"https:\/\/antiquariat-steinbach.com\/rarebooks\/wp-json\/wp\/v2\/product_cat?post=7493"},{"taxonomy":"product_tag","embeddable":true,"href":"https:\/\/antiquariat-steinbach.com\/rarebooks\/wp-json\/wp\/v2\/product_tag?post=7493"}],"curies":[{"name":"wp","href":"https:\/\/api.w.org\/{rel}","templated":true}]}}