{"id":7489,"date":"2026-03-12T00:22:28","date_gmt":"2026-03-11T23:22:28","guid":{"rendered":"http:\/\/antiquariat-steinbach.com\/rarebooks\/produkt\/das-malerische-und-romantische-westfalen\/"},"modified":"2026-03-12T00:22:28","modified_gmt":"2026-03-11T23:22:28","slug":"schuecking-levin-und-ferdinand-freiligrath-das-malerische-und-romantische-westfalen","status":"publish","type":"product","link":"https:\/\/antiquariat-steinbach.com\/rarebooks\/produkt\/schuecking-levin-und-ferdinand-freiligrath-das-malerische-und-romantische-westfalen\/","title":{"rendered":"Sch\u00fccking, Levin und Ferdinand Freiligrath: &#8211;  Das malerische und romantische Westfalen."},"content":{"rendered":"<p>Paderborn, Sch\u00f6nigh 1898.<\/p>\n<p>4. Auflage. 25,5 : 18 cn. VII, 472 Seiten Mit 22 Stahlstichtafeln mit Tonplatte, 8 Lichtdrucken, 5 Autotypieen und 131 Textabbildungen. Roter Original-Leinenband mit reichster R\u00fccken- und Deckelvergoldung, dreiseitiger Goldschnitt.<\/p>\n<p>180,00 EUR<\/p>\n","protected":false},"excerpt":{"rendered":"<p>Der Westfalen-Klassiker in einem wundersch\u00f6n gebundenen und erhaltenen Exemplar. Ber\u00fchmtes Standardwerk zur Geschichte, Geographie und Kulturgeschichte Westfalens mit den h\u00fcbschen und seltenen Stahlstich-Ansichten und Holzstichabbildungen aus dieser Region.<\/p>\n","protected":false},"featured_media":17521,"template":"","meta":[],"product_brand":[],"product_cat":[74,342,65,914],"product_tag":[],"class_list":{"0":"post-7489","1":"product","2":"type-product","3":"status-publish","4":"has-post-thumbnail","6":"product_cat-deutschland","7":"product_cat-ffm11","8":"product_cat-geographie","9":"product_cat-zvab","11":"first","12":"instock","13":"purchasable","14":"product-type-simple"},"_links":{"self":[{"href":"https:\/\/antiquariat-steinbach.com\/rarebooks\/wp-json\/wp\/v2\/product\/7489","targetHints":{"allow":["GET"]}}],"collection":[{"href":"https:\/\/antiquariat-steinbach.com\/rarebooks\/wp-json\/wp\/v2\/product"}],"about":[{"href":"https:\/\/antiquariat-steinbach.com\/rarebooks\/wp-json\/wp\/v2\/types\/product"}],"version-history":[{"count":3,"href":"https:\/\/antiquariat-steinbach.com\/rarebooks\/wp-json\/wp\/v2\/product\/7489\/revisions"}],"predecessor-version":[{"id":21661,"href":"https:\/\/antiquariat-steinbach.com\/rarebooks\/wp-json\/wp\/v2\/product\/7489\/revisions\/21661"}],"wp:featuredmedia":[{"embeddable":true,"href":"https:\/\/antiquariat-steinbach.com\/rarebooks\/wp-json\/wp\/v2\/media\/17521"}],"wp:attachment":[{"href":"https:\/\/antiquariat-steinbach.com\/rarebooks\/wp-json\/wp\/v2\/media?parent=7489"}],"wp:term":[{"taxonomy":"product_brand","embeddable":true,"href":"https:\/\/antiquariat-steinbach.com\/rarebooks\/wp-json\/wp\/v2\/product_brand?post=7489"},{"taxonomy":"product_cat","embeddable":true,"href":"https:\/\/antiquariat-steinbach.com\/rarebooks\/wp-json\/wp\/v2\/product_cat?post=7489"},{"taxonomy":"product_tag","embeddable":true,"href":"https:\/\/antiquariat-steinbach.com\/rarebooks\/wp-json\/wp\/v2\/product_tag?post=7489"}],"curies":[{"name":"wp","href":"https:\/\/api.w.org\/{rel}","templated":true}]}}