{"id":7463,"date":"2026-03-12T00:22:24","date_gmt":"2026-03-11T23:22:24","guid":{"rendered":"http:\/\/antiquariat-steinbach.com\/rarebooks\/produkt\/friederich-in-elysium\/"},"modified":"2026-03-12T00:22:25","modified_gmt":"2026-03-11T23:22:25","slug":"schroeckh-samuel-jakob-friederich-in-elysium","status":"publish","type":"product","link":"https:\/\/antiquariat-steinbach.com\/rarebooks\/produkt\/schroeckh-samuel-jakob-friederich-in-elysium\/","title":{"rendered":"(Schr\u00f6ckh, Samuel Jakob): &#8211;  Friederich in Elysium."},"content":{"rendered":"<p>(Leipzig), o.Dr 1787.<\/p>\n<p>17 : 10,5 cm. 127 Seiten Mit gestochener Titelvignette. Neuer Halblederband im Stil der Zeit.<\/p>\n<p>120,00 EUR<\/p>\n","protected":false},"excerpt":{"rendered":"<p>Der Verfasser l\u00e4\u00dft den gro\u00dfen Friederich von allen Bedeutenden im Reiche der Toten loben. &#8211; Gering gebr\u00e4unt. &#8211; Holzmann\/B. II, 4260.<\/p>\n","protected":false},"featured_media":17511,"template":"","meta":[],"product_brand":[],"product_cat":[74,97,32,914],"product_tag":[],"class_list":{"0":"post-7463","1":"product","2":"type-product","3":"status-publish","4":"has-post-thumbnail","6":"product_cat-deutschland","7":"product_cat-geschichte","8":"product_cat-literatur","9":"product_cat-zvab","11":"first","12":"instock","13":"purchasable","14":"product-type-simple"},"_links":{"self":[{"href":"https:\/\/antiquariat-steinbach.com\/rarebooks\/wp-json\/wp\/v2\/product\/7463","targetHints":{"allow":["GET"]}}],"collection":[{"href":"https:\/\/antiquariat-steinbach.com\/rarebooks\/wp-json\/wp\/v2\/product"}],"about":[{"href":"https:\/\/antiquariat-steinbach.com\/rarebooks\/wp-json\/wp\/v2\/types\/product"}],"version-history":[{"count":3,"href":"https:\/\/antiquariat-steinbach.com\/rarebooks\/wp-json\/wp\/v2\/product\/7463\/revisions"}],"predecessor-version":[{"id":21646,"href":"https:\/\/antiquariat-steinbach.com\/rarebooks\/wp-json\/wp\/v2\/product\/7463\/revisions\/21646"}],"wp:featuredmedia":[{"embeddable":true,"href":"https:\/\/antiquariat-steinbach.com\/rarebooks\/wp-json\/wp\/v2\/media\/17511"}],"wp:attachment":[{"href":"https:\/\/antiquariat-steinbach.com\/rarebooks\/wp-json\/wp\/v2\/media?parent=7463"}],"wp:term":[{"taxonomy":"product_brand","embeddable":true,"href":"https:\/\/antiquariat-steinbach.com\/rarebooks\/wp-json\/wp\/v2\/product_brand?post=7463"},{"taxonomy":"product_cat","embeddable":true,"href":"https:\/\/antiquariat-steinbach.com\/rarebooks\/wp-json\/wp\/v2\/product_cat?post=7463"},{"taxonomy":"product_tag","embeddable":true,"href":"https:\/\/antiquariat-steinbach.com\/rarebooks\/wp-json\/wp\/v2\/product_tag?post=7463"}],"curies":[{"name":"wp","href":"https:\/\/api.w.org\/{rel}","templated":true}]}}