{"id":7435,"date":"2026-03-12T00:22:22","date_gmt":"2026-03-11T23:22:22","guid":{"rendered":"http:\/\/antiquariat-steinbach.com\/rarebooks\/produkt\/saemmtliche-werke-in-fuenf-baenden\/"},"modified":"2026-03-12T00:22:23","modified_gmt":"2026-03-11T23:22:23","slug":"schopenhauer-arthur-saemmtliche-werke-in-fuenf-baenden","status":"publish","type":"product","link":"https:\/\/antiquariat-steinbach.com\/rarebooks\/produkt\/schopenhauer-arthur-saemmtliche-werke-in-fuenf-baenden\/","title":{"rendered":"Schopenhauer, Arthur: &#8211;  S\u00e4mmtliche Werke in f\u00fcnf B\u00e4nden."},"content":{"rendered":"<p>Leipzig, Insel (1916-1919).<\/p>\n<p>6.-13. Tsd. 5 B\u00e4nde. 17,5 : 10,5 cm. Blaue Original-Leinenb\u00e4nde mit Goldpr\u00e4gung.<\/p>\n<p>75,00 EUR<\/p>\n","protected":false},"excerpt":{"rendered":"<p>Sarkowski 1526. &#8211; Gro\u00dfherzog Wilhelm Ernst Ausgabe. Mit den Anmerkungen der Ausgabe letzter Hand und den handschriftlichen Zus\u00e4tzen aus dem Nachla\u00df. D\u00fcnndruck-Ausgabe. Exlibris.<\/p>\n","protected":false},"featured_media":27310,"template":"","meta":[],"product_brand":[],"product_cat":[301,103,187,914],"product_tag":[],"class_list":{"0":"post-7435","1":"product","2":"type-product","3":"status-publish","4":"has-post-thumbnail","6":"product_cat-gesamtausgaben","7":"product_cat-michael","8":"product_cat-philosophie","9":"product_cat-zvab","11":"first","12":"instock","13":"purchasable","14":"product-type-simple"},"_links":{"self":[{"href":"https:\/\/antiquariat-steinbach.com\/rarebooks\/wp-json\/wp\/v2\/product\/7435","targetHints":{"allow":["GET"]}}],"collection":[{"href":"https:\/\/antiquariat-steinbach.com\/rarebooks\/wp-json\/wp\/v2\/product"}],"about":[{"href":"https:\/\/antiquariat-steinbach.com\/rarebooks\/wp-json\/wp\/v2\/types\/product"}],"version-history":[{"count":4,"href":"https:\/\/antiquariat-steinbach.com\/rarebooks\/wp-json\/wp\/v2\/product\/7435\/revisions"}],"predecessor-version":[{"id":27309,"href":"https:\/\/antiquariat-steinbach.com\/rarebooks\/wp-json\/wp\/v2\/product\/7435\/revisions\/27309"}],"wp:featuredmedia":[{"embeddable":true,"href":"https:\/\/antiquariat-steinbach.com\/rarebooks\/wp-json\/wp\/v2\/media\/27310"}],"wp:attachment":[{"href":"https:\/\/antiquariat-steinbach.com\/rarebooks\/wp-json\/wp\/v2\/media?parent=7435"}],"wp:term":[{"taxonomy":"product_brand","embeddable":true,"href":"https:\/\/antiquariat-steinbach.com\/rarebooks\/wp-json\/wp\/v2\/product_brand?post=7435"},{"taxonomy":"product_cat","embeddable":true,"href":"https:\/\/antiquariat-steinbach.com\/rarebooks\/wp-json\/wp\/v2\/product_cat?post=7435"},{"taxonomy":"product_tag","embeddable":true,"href":"https:\/\/antiquariat-steinbach.com\/rarebooks\/wp-json\/wp\/v2\/product_tag?post=7435"}],"curies":[{"name":"wp","href":"https:\/\/api.w.org\/{rel}","templated":true}]}}