{"id":7411,"date":"2026-03-12T00:22:20","date_gmt":"2026-03-11T23:22:20","guid":{"rendered":"http:\/\/antiquariat-steinbach.com\/rarebooks\/produkt\/der-praktische-schnittblumenzuechter-der-neuzeit\/"},"modified":"2026-03-12T00:22:20","modified_gmt":"2026-03-11T23:22:20","slug":"schnurbusch-otto-der-praktische-schnittblumenzuechter-der-neuzeit","status":"publish","type":"product","link":"https:\/\/antiquariat-steinbach.com\/rarebooks\/produkt\/schnurbusch-otto-der-praktische-schnittblumenzuechter-der-neuzeit\/","title":{"rendered":"Schnurbusch, Otto: &#8211;  Der praktische Schnittblumenz\u00fcchter der Neuzeit."},"content":{"rendered":"<p>Leipzig, Voigt 1898.<\/p>\n<p>24 : 16,5 cm. 223 Seiten Mit 44 Abbildungen und einigen Tabellen. Illustrierter Original-Leinenband.<\/p>\n<p>35,00 EUR<\/p>\n","protected":false},"excerpt":{"rendered":"<p>Enthaltend die Kultur und Treiberei der gangbarsten Schnittblumen und des Schnittgr\u00fcns f\u00fcr Herbst, Winter und Fr\u00fchjahr; die Anlage von Gew\u00e4chsh\u00e4usern und Wasserheizungen mit vielen Abbildungen. Der richtige Betrieb einer Schnittblumeng\u00e4rtnerei nebst Gewinnberechnung nach eigenen praktischen und langj\u00e4hrigen Erfahrungen. &#8211; Etws fleckig; Einband etwas angestaubt und fleckig.<\/p>\n","protected":false},"featured_media":0,"template":"","meta":[],"product_brand":[],"product_cat":[37,549,77,914],"product_tag":[],"class_list":{"0":"post-7411","1":"product","2":"type-product","3":"status-publish","5":"product_cat-botanik","6":"product_cat-garten","7":"product_cat-technik","8":"product_cat-zvab","10":"first","11":"instock","12":"purchasable","13":"product-type-simple"},"_links":{"self":[{"href":"https:\/\/antiquariat-steinbach.com\/rarebooks\/wp-json\/wp\/v2\/product\/7411","targetHints":{"allow":["GET"]}}],"collection":[{"href":"https:\/\/antiquariat-steinbach.com\/rarebooks\/wp-json\/wp\/v2\/product"}],"about":[{"href":"https:\/\/antiquariat-steinbach.com\/rarebooks\/wp-json\/wp\/v2\/types\/product"}],"version-history":[{"count":3,"href":"https:\/\/antiquariat-steinbach.com\/rarebooks\/wp-json\/wp\/v2\/product\/7411\/revisions"}],"predecessor-version":[{"id":21623,"href":"https:\/\/antiquariat-steinbach.com\/rarebooks\/wp-json\/wp\/v2\/product\/7411\/revisions\/21623"}],"wp:attachment":[{"href":"https:\/\/antiquariat-steinbach.com\/rarebooks\/wp-json\/wp\/v2\/media?parent=7411"}],"wp:term":[{"taxonomy":"product_brand","embeddable":true,"href":"https:\/\/antiquariat-steinbach.com\/rarebooks\/wp-json\/wp\/v2\/product_brand?post=7411"},{"taxonomy":"product_cat","embeddable":true,"href":"https:\/\/antiquariat-steinbach.com\/rarebooks\/wp-json\/wp\/v2\/product_cat?post=7411"},{"taxonomy":"product_tag","embeddable":true,"href":"https:\/\/antiquariat-steinbach.com\/rarebooks\/wp-json\/wp\/v2\/product_tag?post=7411"}],"curies":[{"name":"wp","href":"https:\/\/api.w.org\/{rel}","templated":true}]}}