{"id":741,"date":"2026-03-12T00:00:51","date_gmt":"2026-03-11T23:00:51","guid":{"rendered":"http:\/\/antiquariat-steinbach.com\/rarebooks\/produkt\/3-typewritten-contracts-signed-by-andri-vienna-1917-to-1920\/"},"modified":"2026-03-12T00:00:51","modified_gmt":"2026-03-11T23:00:51","slug":"autograph-andri-ferdinand-painter-and-drawer-1871-1956-3-typewritten-contracts-signed-by-andri-vienna-1917-to-1920","status":"publish","type":"product","link":"https:\/\/antiquariat-steinbach.com\/rarebooks\/produkt\/autograph-andri-ferdinand-painter-and-drawer-1871-1956-3-typewritten-contracts-signed-by-andri-vienna-1917-to-1920\/","title":{"rendered":"Autograph &#8211;   Andri, Ferdinand, Painter and Drawer (1871-1956). &#8211;  3 typewritten contracts, signed by Andri, Vienna 1917 to 1920."},"content":{"rendered":"<p>Vienna, 1917-1920.<\/p>\n<p>23,5 : 15 cm. Together 4 1\/2 pages on 6 leves.<\/p>\n<p>150,00 EUR<\/p>\n","protected":false},"excerpt":{"rendered":"<p>Contracts about the sale of three lithographs (&#8222;Ausgedient&#8220;, &#8222;Mutter und Kind&#8220; and  &#8222;Tiroler Winzerin&#8220;) to the Gesellschaft f\u00fcr vervielf\u00e4ltigende Kunst in Vienna and &#8222;dem ausschliesslich noch v\u00f6llig unbegebenen Reproduktionsrecht zur unbeschr\u00e4nkten Verwertung&#8220; (not including the right of reproduction).<\/p>\n","protected":false},"featured_media":0,"template":"","meta":[],"product_brand":[],"product_cat":[29,71,186,30,914],"product_tag":[],"class_list":{"0":"post-741","1":"product","2":"type-product","3":"status-publish","5":"product_cat-20-jahrhundert","6":"product_cat-austriaca","7":"product_cat-autographen","8":"product_cat-malerei","9":"product_cat-zvab","11":"first","12":"instock","13":"purchasable","14":"product-type-simple"},"_links":{"self":[{"href":"https:\/\/antiquariat-steinbach.com\/rarebooks\/wp-json\/wp\/v2\/product\/741","targetHints":{"allow":["GET"]}}],"collection":[{"href":"https:\/\/antiquariat-steinbach.com\/rarebooks\/wp-json\/wp\/v2\/product"}],"about":[{"href":"https:\/\/antiquariat-steinbach.com\/rarebooks\/wp-json\/wp\/v2\/types\/product"}],"version-history":[{"count":3,"href":"https:\/\/antiquariat-steinbach.com\/rarebooks\/wp-json\/wp\/v2\/product\/741\/revisions"}],"predecessor-version":[{"id":18556,"href":"https:\/\/antiquariat-steinbach.com\/rarebooks\/wp-json\/wp\/v2\/product\/741\/revisions\/18556"}],"wp:attachment":[{"href":"https:\/\/antiquariat-steinbach.com\/rarebooks\/wp-json\/wp\/v2\/media?parent=741"}],"wp:term":[{"taxonomy":"product_brand","embeddable":true,"href":"https:\/\/antiquariat-steinbach.com\/rarebooks\/wp-json\/wp\/v2\/product_brand?post=741"},{"taxonomy":"product_cat","embeddable":true,"href":"https:\/\/antiquariat-steinbach.com\/rarebooks\/wp-json\/wp\/v2\/product_cat?post=741"},{"taxonomy":"product_tag","embeddable":true,"href":"https:\/\/antiquariat-steinbach.com\/rarebooks\/wp-json\/wp\/v2\/product_tag?post=741"}],"curies":[{"name":"wp","href":"https:\/\/api.w.org\/{rel}","templated":true}]}}