{"id":7383,"date":"2026-03-12T00:06:16","date_gmt":"2026-03-11T23:06:16","guid":{"rendered":"http:\/\/antiquariat-steinbach.com\/rarebooks\/produkt\/general-statistik-der-europaeischen-staaten-nebst-einer-theoretischen-einleitung\/"},"modified":"2026-03-12T00:06:16","modified_gmt":"2026-03-11T23:06:16","slug":"europa-statistik-schnabel-georg-norbert-general-statistik-der-europaeischen-staaten-nebst-einer-theoretischen-einleitung","status":"publish","type":"product","link":"https:\/\/antiquariat-steinbach.com\/rarebooks\/produkt\/europa-statistik-schnabel-georg-norbert-general-statistik-der-europaeischen-staaten-nebst-einer-theoretischen-einleitung\/","title":{"rendered":"Europa &#8211; Statistik &#8211;   Schnabel, Georg Norbert: &#8211;  General-Statistik der Europ\u00e4ischen Staaten nebst einer theoretischen Einleitung."},"content":{"rendered":"<p>Vienna, M\u00f6sle resp.  Braum\u00fcller &#038; Seidel (vol. 3), 1833 &#8211; 1841.<\/p>\n<p>2nd.enlarged and revised ed. 3 volumes. 22 : 13,5 cm. XXV, 288; VI, 288; IV, 201 pages, 1 leaf With 2 many-folded, coloured maps and 1 folded table. Contemporary boards with back label.<\/p>\n<p>350,00 EUR<\/p>\n","protected":false},"excerpt":{"rendered":"<p>Konsequent nach der vergleichend-r\u00e4sonierenden Methode gearbeitet&#8220; (\u00d6LB X, 352). Georg Norbert Schnabel (1791-1857) was Professor of the European and Austrian statistics in Prag. With one geographic-statistic overview-map of Europa and one overview-map of the german State with tablels of the population there in 1833. The third volume deals with Europe around the year 1840 and gives an overview of the newest developments there.<\/p>\n","protected":false},"featured_media":15980,"template":"","meta":[],"product_brand":[],"product_cat":[59,111,91,914],"product_tag":[],"class_list":{"0":"post-7383","1":"product","2":"type-product","3":"status-publish","4":"has-post-thumbnail","6":"product_cat-kulturgeschichte","7":"product_cat-varia","8":"product_cat-wirtschaft","9":"product_cat-zvab","11":"first","12":"instock","13":"purchasable","14":"product-type-simple"},"_links":{"self":[{"href":"https:\/\/antiquariat-steinbach.com\/rarebooks\/wp-json\/wp\/v2\/product\/7383","targetHints":{"allow":["GET"]}}],"collection":[{"href":"https:\/\/antiquariat-steinbach.com\/rarebooks\/wp-json\/wp\/v2\/product"}],"about":[{"href":"https:\/\/antiquariat-steinbach.com\/rarebooks\/wp-json\/wp\/v2\/types\/product"}],"version-history":[{"count":5,"href":"https:\/\/antiquariat-steinbach.com\/rarebooks\/wp-json\/wp\/v2\/product\/7383\/revisions"}],"predecessor-version":[{"id":28729,"href":"https:\/\/antiquariat-steinbach.com\/rarebooks\/wp-json\/wp\/v2\/product\/7383\/revisions\/28729"}],"wp:featuredmedia":[{"embeddable":true,"href":"https:\/\/antiquariat-steinbach.com\/rarebooks\/wp-json\/wp\/v2\/media\/15980"}],"wp:attachment":[{"href":"https:\/\/antiquariat-steinbach.com\/rarebooks\/wp-json\/wp\/v2\/media?parent=7383"}],"wp:term":[{"taxonomy":"product_brand","embeddable":true,"href":"https:\/\/antiquariat-steinbach.com\/rarebooks\/wp-json\/wp\/v2\/product_brand?post=7383"},{"taxonomy":"product_cat","embeddable":true,"href":"https:\/\/antiquariat-steinbach.com\/rarebooks\/wp-json\/wp\/v2\/product_cat?post=7383"},{"taxonomy":"product_tag","embeddable":true,"href":"https:\/\/antiquariat-steinbach.com\/rarebooks\/wp-json\/wp\/v2\/product_tag?post=7383"}],"curies":[{"name":"wp","href":"https:\/\/api.w.org\/{rel}","templated":true}]}}