{"id":735,"date":"2026-03-12T00:00:51","date_gmt":"2026-03-11T23:00:51","guid":{"rendered":"http:\/\/antiquariat-steinbach.com\/rarebooks\/produkt\/japan-handelsbericht-des-oestereichischen-konsulats-in-tokyo-fuer-das-jahr-1922-nebst-besonderer-beruecksichtigung-der-jahre-1914-1921\/"},"modified":"2026-03-12T00:00:51","modified_gmt":"2026-03-11T23:00:51","slug":"austrian-embassy-tokyo-mueller-bruno-japan-handelsbericht-des-oestereichischen-konsulats-in-tokyo-fuer-das-jahr-1922-nebst-besonderer-beruecksichtigung-der-jahre-1914-1921","status":"publish","type":"product","link":"https:\/\/antiquariat-steinbach.com\/rarebooks\/produkt\/austrian-embassy-tokyo-mueller-bruno-japan-handelsbericht-des-oestereichischen-konsulats-in-tokyo-fuer-das-jahr-1922-nebst-besonderer-beruecksichtigung-der-jahre-1914-1921\/","title":{"rendered":"Austrian Embassy Tokyo &#8211;   M\u00fcller, Bruno. &#8211;  Japan. Handelsbericht des \u00d6stereichischen Konsulats in Tokyo f\u00fcr das Jahr 1922, nebst besonderer Ber\u00fccksichtigung der Jahre 1914-1921."},"content":{"rendered":"<p>Vienna, Bors &#038; M\u00fcller,  1922.<\/p>\n<p>34 : 21 cm. 14 pages. Original wrappers.<\/p>\n<p>90,00 EUR<\/p>\n","protected":false},"excerpt":{"rendered":"<p>The Austrian goverment, after the first world war, had no money to finance consulate, so that in the year 1920 Bruno M\u00fcller, director of the B\u00f6hler-branches in Tokyo and Osaka, asked at the Austrian foreign ministry, if he could be honorary consul of Austria in Japan. He leaved already 7 years in Japan and had good conections to diplomatic and govermental circles. He got the permision to become honorary consul of Austria in Japan, the only official representative of Austria in Japan after &#8218;World War II&#8216;.<\/p>\n","protected":false},"featured_media":23905,"template":"","meta":[],"product_brand":[],"product_cat":[71,70,91,914],"product_tag":[],"class_list":{"0":"post-735","1":"product","2":"type-product","3":"status-publish","4":"has-post-thumbnail","6":"product_cat-austriaca","7":"product_cat-japan","8":"product_cat-wirtschaft","9":"product_cat-zvab","11":"first","12":"instock","13":"purchasable","14":"product-type-simple"},"_links":{"self":[{"href":"https:\/\/antiquariat-steinbach.com\/rarebooks\/wp-json\/wp\/v2\/product\/735","targetHints":{"allow":["GET"]}}],"collection":[{"href":"https:\/\/antiquariat-steinbach.com\/rarebooks\/wp-json\/wp\/v2\/product"}],"about":[{"href":"https:\/\/antiquariat-steinbach.com\/rarebooks\/wp-json\/wp\/v2\/types\/product"}],"version-history":[{"count":3,"href":"https:\/\/antiquariat-steinbach.com\/rarebooks\/wp-json\/wp\/v2\/product\/735\/revisions"}],"predecessor-version":[{"id":18555,"href":"https:\/\/antiquariat-steinbach.com\/rarebooks\/wp-json\/wp\/v2\/product\/735\/revisions\/18555"}],"wp:featuredmedia":[{"embeddable":true,"href":"https:\/\/antiquariat-steinbach.com\/rarebooks\/wp-json\/wp\/v2\/media\/23905"}],"wp:attachment":[{"href":"https:\/\/antiquariat-steinbach.com\/rarebooks\/wp-json\/wp\/v2\/media?parent=735"}],"wp:term":[{"taxonomy":"product_brand","embeddable":true,"href":"https:\/\/antiquariat-steinbach.com\/rarebooks\/wp-json\/wp\/v2\/product_brand?post=735"},{"taxonomy":"product_cat","embeddable":true,"href":"https:\/\/antiquariat-steinbach.com\/rarebooks\/wp-json\/wp\/v2\/product_cat?post=735"},{"taxonomy":"product_tag","embeddable":true,"href":"https:\/\/antiquariat-steinbach.com\/rarebooks\/wp-json\/wp\/v2\/product_tag?post=735"}],"curies":[{"name":"wp","href":"https:\/\/api.w.org\/{rel}","templated":true}]}}