{"id":7341,"date":"2026-03-12T00:22:14","date_gmt":"2026-03-11T23:22:14","guid":{"rendered":"http:\/\/antiquariat-steinbach.com\/rarebooks\/produkt\/anthropologische-methoden\/"},"modified":"2026-03-12T00:22:15","modified_gmt":"2026-03-11T23:22:15","slug":"schmidt-emil-anthropologische-methoden","status":"publish","type":"product","link":"https:\/\/antiquariat-steinbach.com\/rarebooks\/produkt\/schmidt-emil-anthropologische-methoden\/","title":{"rendered":"Schmidt, Emil: &#8211;  Anthropologische Methoden."},"content":{"rendered":"<p>Leipzig, Veit 1888.<\/p>\n<p>19 : 13,5 cm. IV, 336 Seiten mit 45 Holzschnitten und Tabellen. Original-Leinenband.<\/p>\n<p>25,00 EUR<\/p>\n","protected":false},"excerpt":{"rendered":"<p>Aufschlu\u00dfreiche Abhandlung \u00fcber das Sammeln anthropologischer Naturobjekte. Mit Kapiteln \u00fcber die &#8222;Anthropologische Photographie&#8220;, &#8222;Beobachtungen am Lebenden und todten Material&#8220;, &#8222;Metrische und Descriptive Merkmale&#8220; u.v.m.<\/p>\n","protected":false},"featured_media":24940,"template":"","meta":[],"product_brand":[],"product_cat":[82,111,914],"product_tag":[],"class_list":{"0":"post-7341","1":"product","2":"type-product","3":"status-publish","4":"has-post-thumbnail","6":"product_cat-naturwissenschaften","7":"product_cat-varia","8":"product_cat-zvab","10":"first","11":"instock","12":"purchasable","13":"product-type-simple"},"_links":{"self":[{"href":"https:\/\/antiquariat-steinbach.com\/rarebooks\/wp-json\/wp\/v2\/product\/7341","targetHints":{"allow":["GET"]}}],"collection":[{"href":"https:\/\/antiquariat-steinbach.com\/rarebooks\/wp-json\/wp\/v2\/product"}],"about":[{"href":"https:\/\/antiquariat-steinbach.com\/rarebooks\/wp-json\/wp\/v2\/types\/product"}],"version-history":[{"count":4,"href":"https:\/\/antiquariat-steinbach.com\/rarebooks\/wp-json\/wp\/v2\/product\/7341\/revisions"}],"predecessor-version":[{"id":24939,"href":"https:\/\/antiquariat-steinbach.com\/rarebooks\/wp-json\/wp\/v2\/product\/7341\/revisions\/24939"}],"wp:featuredmedia":[{"embeddable":true,"href":"https:\/\/antiquariat-steinbach.com\/rarebooks\/wp-json\/wp\/v2\/media\/24940"}],"wp:attachment":[{"href":"https:\/\/antiquariat-steinbach.com\/rarebooks\/wp-json\/wp\/v2\/media?parent=7341"}],"wp:term":[{"taxonomy":"product_brand","embeddable":true,"href":"https:\/\/antiquariat-steinbach.com\/rarebooks\/wp-json\/wp\/v2\/product_brand?post=7341"},{"taxonomy":"product_cat","embeddable":true,"href":"https:\/\/antiquariat-steinbach.com\/rarebooks\/wp-json\/wp\/v2\/product_cat?post=7341"},{"taxonomy":"product_tag","embeddable":true,"href":"https:\/\/antiquariat-steinbach.com\/rarebooks\/wp-json\/wp\/v2\/product_tag?post=7341"}],"curies":[{"name":"wp","href":"https:\/\/api.w.org\/{rel}","templated":true}]}}