{"id":7339,"date":"2026-03-12T00:22:14","date_gmt":"2026-03-11T23:22:14","guid":{"rendered":"http:\/\/antiquariat-steinbach.com\/rarebooks\/produkt\/die-koelner-apotheken-von-der-aeltesten-zeit-bis-zum-ende-der-reichsstaedtischen-verfassung\/"},"modified":"2026-03-12T00:22:15","modified_gmt":"2026-03-11T23:22:15","slug":"schmidt-alfred-die-koelner-apotheken-von-der-aeltesten-zeit-bis-zum-ende-der-reichsstaedtischen-verfassung","status":"publish","type":"product","link":"https:\/\/antiquariat-steinbach.com\/rarebooks\/produkt\/schmidt-alfred-die-koelner-apotheken-von-der-aeltesten-zeit-bis-zum-ende-der-reichsstaedtischen-verfassung\/","title":{"rendered":"Schmidt, Alfred: &#8211;  Die K\u00f6lner Apotheken von der \u00e4ltesten Zeit bis zum Ende der reichsst\u00e4dtischen Verfassung."},"content":{"rendered":"<p>Mittenwald, Nemayer 1930.<\/p>\n<p>2. verbesserte Auflage. 25,5: 19 cm. X, 164 Seiten mit 27 Tafeln. Typographisch bedruckter Original-Umschlag.<\/p>\n<p>30,00 EUR<\/p>\n","protected":false},"excerpt":{"rendered":"<p>Herausgegeben von der Gesellschaft f\u00fcr Geschichte der Pharmazie. &#8211; Umschlag und Titel gestempelt, R\u00fccken an den Kapitalen besch\u00e4digt, innen gutes Exemlar.<\/p>\n","protected":false},"featured_media":28406,"template":"","meta":[],"product_brand":[],"product_cat":[149,179,150,914],"product_tag":[],"class_list":{"0":"post-7339","1":"product","2":"type-product","3":"status-publish","4":"has-post-thumbnail","6":"product_cat-apotheke","7":"product_cat-medizin","8":"product_cat-pharmazie","9":"product_cat-zvab","11":"first","12":"instock","13":"purchasable","14":"product-type-simple"},"_links":{"self":[{"href":"https:\/\/antiquariat-steinbach.com\/rarebooks\/wp-json\/wp\/v2\/product\/7339","targetHints":{"allow":["GET"]}}],"collection":[{"href":"https:\/\/antiquariat-steinbach.com\/rarebooks\/wp-json\/wp\/v2\/product"}],"about":[{"href":"https:\/\/antiquariat-steinbach.com\/rarebooks\/wp-json\/wp\/v2\/types\/product"}],"version-history":[{"count":3,"href":"https:\/\/antiquariat-steinbach.com\/rarebooks\/wp-json\/wp\/v2\/product\/7339\/revisions"}],"predecessor-version":[{"id":21588,"href":"https:\/\/antiquariat-steinbach.com\/rarebooks\/wp-json\/wp\/v2\/product\/7339\/revisions\/21588"}],"wp:featuredmedia":[{"embeddable":true,"href":"https:\/\/antiquariat-steinbach.com\/rarebooks\/wp-json\/wp\/v2\/media\/28406"}],"wp:attachment":[{"href":"https:\/\/antiquariat-steinbach.com\/rarebooks\/wp-json\/wp\/v2\/media?parent=7339"}],"wp:term":[{"taxonomy":"product_brand","embeddable":true,"href":"https:\/\/antiquariat-steinbach.com\/rarebooks\/wp-json\/wp\/v2\/product_brand?post=7339"},{"taxonomy":"product_cat","embeddable":true,"href":"https:\/\/antiquariat-steinbach.com\/rarebooks\/wp-json\/wp\/v2\/product_cat?post=7339"},{"taxonomy":"product_tag","embeddable":true,"href":"https:\/\/antiquariat-steinbach.com\/rarebooks\/wp-json\/wp\/v2\/product_tag?post=7339"}],"curies":[{"name":"wp","href":"https:\/\/api.w.org\/{rel}","templated":true}]}}