{"id":7327,"date":"2026-03-12T00:22:12","date_gmt":"2026-03-11T23:22:12","guid":{"rendered":"http:\/\/antiquariat-steinbach.com\/rarebooks\/produkt\/das-zelt-zeitschrift-des-ehmcke-kreises\/"},"modified":"2026-03-12T00:22:14","modified_gmt":"2026-03-11T23:22:14","slug":"schmid-eugen-julius-das-zelt-zeitschrift-des-ehmcke-kreises","status":"publish","type":"product","link":"https:\/\/antiquariat-steinbach.com\/rarebooks\/produkt\/schmid-eugen-julius-das-zelt-zeitschrift-des-ehmcke-kreises\/","title":{"rendered":"Schmid, Eugen Julius. &#8211;  Das Zelt. Zeitschrift des Ehmcke-Kreises"},"content":{"rendered":"<p>M\u00fcnchen, Brugger,  1926.<\/p>\n<p>Jahrgang 2, Heft 1. 26 : 17,5 cm. Mit 30 teils farbigen, teils montierten Abbildungen. Illustrierte Original-Broschur.<\/p>\n<p>60,00 EUR<\/p>\n","protected":false},"excerpt":{"rendered":"<p>Enth\u00e4lt haupts\u00e4chlich Ettiketten der Firma Riemerschmid in M\u00fcnchen f\u00fcr Weine, Lik\u00f6re, Punsche, aber auch der Firma Dallmayr u.a.<\/p>\n","protected":false},"featured_media":15976,"template":"","meta":[],"product_brand":[],"product_cat":[479,80,467,914],"product_tag":[],"class_list":{"0":"post-7327","1":"product","2":"type-product","3":"status-publish","4":"has-post-thumbnail","6":"product_cat-gebrauchsgraphi","7":"product_cat-getraenke","8":"product_cat-monacensia","9":"product_cat-zvab","11":"first","12":"instock","13":"purchasable","14":"product-type-simple"},"_links":{"self":[{"href":"https:\/\/antiquariat-steinbach.com\/rarebooks\/wp-json\/wp\/v2\/product\/7327","targetHints":{"allow":["GET"]}}],"collection":[{"href":"https:\/\/antiquariat-steinbach.com\/rarebooks\/wp-json\/wp\/v2\/product"}],"about":[{"href":"https:\/\/antiquariat-steinbach.com\/rarebooks\/wp-json\/wp\/v2\/types\/product"}],"version-history":[{"count":3,"href":"https:\/\/antiquariat-steinbach.com\/rarebooks\/wp-json\/wp\/v2\/product\/7327\/revisions"}],"predecessor-version":[{"id":21582,"href":"https:\/\/antiquariat-steinbach.com\/rarebooks\/wp-json\/wp\/v2\/product\/7327\/revisions\/21582"}],"wp:featuredmedia":[{"embeddable":true,"href":"https:\/\/antiquariat-steinbach.com\/rarebooks\/wp-json\/wp\/v2\/media\/15976"}],"wp:attachment":[{"href":"https:\/\/antiquariat-steinbach.com\/rarebooks\/wp-json\/wp\/v2\/media?parent=7327"}],"wp:term":[{"taxonomy":"product_brand","embeddable":true,"href":"https:\/\/antiquariat-steinbach.com\/rarebooks\/wp-json\/wp\/v2\/product_brand?post=7327"},{"taxonomy":"product_cat","embeddable":true,"href":"https:\/\/antiquariat-steinbach.com\/rarebooks\/wp-json\/wp\/v2\/product_cat?post=7327"},{"taxonomy":"product_tag","embeddable":true,"href":"https:\/\/antiquariat-steinbach.com\/rarebooks\/wp-json\/wp\/v2\/product_tag?post=7327"}],"curies":[{"name":"wp","href":"https:\/\/api.w.org\/{rel}","templated":true}]}}