{"id":7315,"date":"2026-03-12T00:22:12","date_gmt":"2026-03-11T23:22:12","guid":{"rendered":"http:\/\/antiquariat-steinbach.com\/rarebooks\/produkt\/eige-nhaendige-portraitpostkarte-mit-unterschrift\/"},"modified":"2026-03-12T00:22:12","modified_gmt":"2026-03-11T23:22:12","slug":"schloesinger-walter-pianist-und-professor-an-der-universitaet-fuer-musik-und-darstellende-kunst-eige-nhaendige-portraitpostkarte-mit-unterschrift","status":"publish","type":"product","link":"https:\/\/antiquariat-steinbach.com\/rarebooks\/produkt\/schloesinger-walter-pianist-und-professor-an-der-universitaet-fuer-musik-und-darstellende-kunst-eige-nhaendige-portraitpostkarte-mit-unterschrift\/","title":{"rendered":"Schl\u00f6singer, Walter (Pianist und Professor an der Universit\u00e4t f\u00fcr Musik und darstellende Kunst. &#8211;  Eige nh\u00e4ndige Portraitpostkarte mit Unterschrift."},"content":{"rendered":"<p>Wohl Wien, Photo-Atelier Leop. Hlass, 6.X.1926.<\/p>\n<p>13,5 : 8,5 cm. Portriatpostkarte verso Stempel Photo-Atelier Leop. Hlass, Wien V. Margaretenstrasse 84.<\/p>\n<p>30,00 EUR<\/p>\n","protected":false},"excerpt":{"rendered":"<p>Herrn Prof. Paul de Conne in Verehrung und Dankbarkeit&#8220; &#8211; Gering angestaubt.<\/p>\n","protected":false},"featured_media":15975,"template":"","meta":[],"product_brand":[],"product_cat":[71,186,144,106,914],"product_tag":[],"class_list":{"0":"post-7315","1":"product","2":"type-product","3":"status-publish","4":"has-post-thumbnail","6":"product_cat-austriaca","7":"product_cat-autographen","8":"product_cat-musik","9":"product_cat-photographie","10":"product_cat-zvab","12":"first","13":"instock","14":"purchasable","15":"product-type-simple"},"_links":{"self":[{"href":"https:\/\/antiquariat-steinbach.com\/rarebooks\/wp-json\/wp\/v2\/product\/7315","targetHints":{"allow":["GET"]}}],"collection":[{"href":"https:\/\/antiquariat-steinbach.com\/rarebooks\/wp-json\/wp\/v2\/product"}],"about":[{"href":"https:\/\/antiquariat-steinbach.com\/rarebooks\/wp-json\/wp\/v2\/types\/product"}],"version-history":[{"count":3,"href":"https:\/\/antiquariat-steinbach.com\/rarebooks\/wp-json\/wp\/v2\/product\/7315\/revisions"}],"predecessor-version":[{"id":21577,"href":"https:\/\/antiquariat-steinbach.com\/rarebooks\/wp-json\/wp\/v2\/product\/7315\/revisions\/21577"}],"wp:featuredmedia":[{"embeddable":true,"href":"https:\/\/antiquariat-steinbach.com\/rarebooks\/wp-json\/wp\/v2\/media\/15975"}],"wp:attachment":[{"href":"https:\/\/antiquariat-steinbach.com\/rarebooks\/wp-json\/wp\/v2\/media?parent=7315"}],"wp:term":[{"taxonomy":"product_brand","embeddable":true,"href":"https:\/\/antiquariat-steinbach.com\/rarebooks\/wp-json\/wp\/v2\/product_brand?post=7315"},{"taxonomy":"product_cat","embeddable":true,"href":"https:\/\/antiquariat-steinbach.com\/rarebooks\/wp-json\/wp\/v2\/product_cat?post=7315"},{"taxonomy":"product_tag","embeddable":true,"href":"https:\/\/antiquariat-steinbach.com\/rarebooks\/wp-json\/wp\/v2\/product_tag?post=7315"}],"curies":[{"name":"wp","href":"https:\/\/api.w.org\/{rel}","templated":true}]}}