{"id":7313,"date":"2026-03-12T00:22:12","date_gmt":"2026-03-11T23:22:12","guid":{"rendered":"http:\/\/antiquariat-steinbach.com\/rarebooks\/produkt\/die-wissenschaftliche-ausbildung-des-apothkerlehrlings-und-seine-vorbereitung-zum-gehuelfenexamen\/"},"modified":"2026-03-12T00:22:12","modified_gmt":"2026-03-11T23:22:12","slug":"schllickum-o-die-wissenschaftliche-ausbildung-des-apothkerlehrlings-und-seine-vorbereitung-zum-gehuelfenexamen","status":"publish","type":"product","link":"https:\/\/antiquariat-steinbach.com\/rarebooks\/produkt\/schllickum-o-die-wissenschaftliche-ausbildung-des-apothkerlehrlings-und-seine-vorbereitung-zum-gehuelfenexamen\/","title":{"rendered":"Schllickum, O. &#8211;  Die wissenschaftliche Ausbildung des Apothkerlehrlings und seine Vorbereitung zum Geh\u00fclfenexamen."},"content":{"rendered":"<p>Leipzig, G\u00fcnther, 1880.<\/p>\n<p>2. verbesserte und stark vermehrte Ausgabe. 22 : 14,5 cm. XII, 764 Seiten mit 560 Holzschnitten im Text und einer gefalteten, farbigen Vegetations-Karte. Halbleinenband.<\/p>\n<p>30,00 EUR<\/p>\n","protected":false},"excerpt":{"rendered":"<p>Enth\u00e4lt die Abteilungen Physik, Chemie, Botanik, P\u00dcharmacognosie, speciele Pharmazie und dem Anhang: Die Pr\u00fcfung der chemisch-pharmazeutischen Pr\u00e4parate. &#8211; Einband etwas berieben.<\/p>\n","protected":false},"featured_media":0,"template":"","meta":[],"product_brand":[],"product_cat":[179,829,150,914],"product_tag":[],"class_list":{"0":"post-7313","1":"product","2":"type-product","3":"status-publish","5":"product_cat-medizin","6":"product_cat-pharmacopoeen","7":"product_cat-pharmazie","8":"product_cat-zvab","10":"first","11":"instock","12":"purchasable","13":"product-type-simple"},"_links":{"self":[{"href":"https:\/\/antiquariat-steinbach.com\/rarebooks\/wp-json\/wp\/v2\/product\/7313","targetHints":{"allow":["GET"]}}],"collection":[{"href":"https:\/\/antiquariat-steinbach.com\/rarebooks\/wp-json\/wp\/v2\/product"}],"about":[{"href":"https:\/\/antiquariat-steinbach.com\/rarebooks\/wp-json\/wp\/v2\/types\/product"}],"version-history":[{"count":3,"href":"https:\/\/antiquariat-steinbach.com\/rarebooks\/wp-json\/wp\/v2\/product\/7313\/revisions"}],"predecessor-version":[{"id":21576,"href":"https:\/\/antiquariat-steinbach.com\/rarebooks\/wp-json\/wp\/v2\/product\/7313\/revisions\/21576"}],"wp:attachment":[{"href":"https:\/\/antiquariat-steinbach.com\/rarebooks\/wp-json\/wp\/v2\/media?parent=7313"}],"wp:term":[{"taxonomy":"product_brand","embeddable":true,"href":"https:\/\/antiquariat-steinbach.com\/rarebooks\/wp-json\/wp\/v2\/product_brand?post=7313"},{"taxonomy":"product_cat","embeddable":true,"href":"https:\/\/antiquariat-steinbach.com\/rarebooks\/wp-json\/wp\/v2\/product_cat?post=7313"},{"taxonomy":"product_tag","embeddable":true,"href":"https:\/\/antiquariat-steinbach.com\/rarebooks\/wp-json\/wp\/v2\/product_tag?post=7313"}],"curies":[{"name":"wp","href":"https:\/\/api.w.org\/{rel}","templated":true}]}}