{"id":7309,"date":"2026-03-12T00:22:10","date_gmt":"2026-03-11T23:22:10","guid":{"rendered":"http:\/\/antiquariat-steinbach.com\/rarebooks\/produkt\/fliegende-volksblaetter-zur-verdraengung-schaedlicher-oder-doch-geschmackloser-volkslesereyen\/"},"modified":"2026-03-12T00:22:11","modified_gmt":"2026-03-11T23:22:11","slug":"schlez-johann-ferdinand-fliegende-volksblaetter-zur-verdraengung-schaedlicher-oder-doch-geschmackloser-volkslesereyen","status":"publish","type":"product","link":"https:\/\/antiquariat-steinbach.com\/rarebooks\/produkt\/schlez-johann-ferdinand-fliegende-volksblaetter-zur-verdraengung-schaedlicher-oder-doch-geschmackloser-volkslesereyen\/","title":{"rendered":"Schlez, Johann Ferdinand: &#8211;  Fliegende Volksbl\u00e4tter, zur Verdr\u00e4ngung sch\u00e4dlicher, oder doch geschmackloser Volkslesereyen."},"content":{"rendered":"<p>Bayreuth, L\u00fcbeck 1797.<\/p>\n<p>Band 1 (von 2). 17 : 10 cm. Mit 9 (1 wiederholt) Titelholzschnitten. Pappband der Zeit mit R\u00fcckenschild.<\/p>\n<p>120,00 EUR<\/p>\n","protected":false},"excerpt":{"rendered":"<p>Hayn-Got. VII, 180 (nur Tl. 1): &#8222;Auch Volkslieder enthaltend. &#8211; Rar!&#8220;; nicht bei Goed. &#8211; Enth\u00e4lt 9 Volksb\u00fcchlein mit eigenem Titelblatt und Titelholzschnitt, darunter: Kilian Buckel, oder die abgestellten Feyertage zu Dunkelhausen; Die Spieler. Eine Warnungstafel f\u00fcr alle Seinesgleichen; Sechs weltliche Lieder f\u00fcr lustige Landsleute; Geschichte des Dorfes Finsterthal u.a. &#8211; Einband gering berieben, R\u00fcckenschildchen mit kleiner Fehlstelle, sonst gutes Exemplar.<\/p>\n","protected":false},"featured_media":15974,"template":"","meta":[],"product_brand":[],"product_cat":[32,103,914],"product_tag":[],"class_list":{"0":"post-7309","1":"product","2":"type-product","3":"status-publish","4":"has-post-thumbnail","6":"product_cat-literatur","7":"product_cat-michael","8":"product_cat-zvab","10":"first","11":"instock","12":"purchasable","13":"product-type-simple"},"_links":{"self":[{"href":"https:\/\/antiquariat-steinbach.com\/rarebooks\/wp-json\/wp\/v2\/product\/7309","targetHints":{"allow":["GET"]}}],"collection":[{"href":"https:\/\/antiquariat-steinbach.com\/rarebooks\/wp-json\/wp\/v2\/product"}],"about":[{"href":"https:\/\/antiquariat-steinbach.com\/rarebooks\/wp-json\/wp\/v2\/types\/product"}],"version-history":[{"count":3,"href":"https:\/\/antiquariat-steinbach.com\/rarebooks\/wp-json\/wp\/v2\/product\/7309\/revisions"}],"predecessor-version":[{"id":21573,"href":"https:\/\/antiquariat-steinbach.com\/rarebooks\/wp-json\/wp\/v2\/product\/7309\/revisions\/21573"}],"wp:featuredmedia":[{"embeddable":true,"href":"https:\/\/antiquariat-steinbach.com\/rarebooks\/wp-json\/wp\/v2\/media\/15974"}],"wp:attachment":[{"href":"https:\/\/antiquariat-steinbach.com\/rarebooks\/wp-json\/wp\/v2\/media?parent=7309"}],"wp:term":[{"taxonomy":"product_brand","embeddable":true,"href":"https:\/\/antiquariat-steinbach.com\/rarebooks\/wp-json\/wp\/v2\/product_brand?post=7309"},{"taxonomy":"product_cat","embeddable":true,"href":"https:\/\/antiquariat-steinbach.com\/rarebooks\/wp-json\/wp\/v2\/product_cat?post=7309"},{"taxonomy":"product_tag","embeddable":true,"href":"https:\/\/antiquariat-steinbach.com\/rarebooks\/wp-json\/wp\/v2\/product_tag?post=7309"}],"curies":[{"name":"wp","href":"https:\/\/api.w.org\/{rel}","templated":true}]}}