{"id":7307,"date":"2026-03-12T00:22:10","date_gmt":"2026-03-11T23:22:10","guid":{"rendered":"http:\/\/antiquariat-steinbach.com\/rarebooks\/produkt\/einladung-zur-subscription-erinnerungen-an-schleswig-skizzen-aus-dem-alburm-eines-saechsischen-offiziers\/"},"modified":"2026-03-12T00:22:11","modified_gmt":"2026-03-11T23:22:11","slug":"schleswig-einladung-zur-subscription-erinnerungen-an-schleswig-skizzen-aus-dem-alburm-eines-saechsischen-offiziers","status":"publish","type":"product","link":"https:\/\/antiquariat-steinbach.com\/rarebooks\/produkt\/schleswig-einladung-zur-subscription-erinnerungen-an-schleswig-skizzen-aus-dem-alburm-eines-saechsischen-offiziers\/","title":{"rendered":"Schleswig &#8211;   Einladung zur Subscription: Erinnerungen an Schleswig. Skizzen aus dem Alburm eines s\u00e4chsischen  Offiziers."},"content":{"rendered":"<p>Dresden, Adler und Dietze, 1850.<\/p>\n<p>39 : 31 cm. Tiel und Subscriptions-Liste, 4 get\u00f6nte Lithographien nach der Natur gezeichnet von O.von Br\u00fcck und 1 Plan. Halbleinenband der Zeit mit Titelschildchen<\/p>\n<p>450,00 EUR<\/p>\n","protected":false},"excerpt":{"rendered":"<p>Seltenes und fr\u00fches Beispiel einer Subskirptions-Liste. Die lithographierten Tafeln zeigen &#8218;Die Strandbatterie von Sandacker&#8216;, &#8218;Die D\u00fcppler H\u00f6hen und ein Theil von Ost-D\u00fcppel&#8216;, &#8218;Stellung der Sachsen nach dem Gefechte am 13. April 1849&#8216;, &#8218;Der Kirchhof von Satrup mit den Gr\u00e4bern der Gefallenen nach dem Begr\u00e4bnistage den 16. April 1849&#8216;, sowie ein &#8218;Plan der D\u00fcpppler H\u00f6hen nebst den vom 13. April bis 26. Juli 1849 erbauten Schanzen und Batterien&#8216; aufgenommen von Otto Andr\u00e9e, der seperat von dem Werk erschienen ist und getrennt zu beziehen ist. &#8211; Einband gering angestaubt.<\/p>\n","protected":false},"featured_media":15973,"template":"","meta":[],"product_brand":[],"product_cat":[74,264,914],"product_tag":[],"class_list":{"0":"post-7307","1":"product","2":"type-product","3":"status-publish","4":"has-post-thumbnail","6":"product_cat-deutschland","7":"product_cat-militaria","8":"product_cat-zvab","10":"first","11":"instock","12":"purchasable","13":"product-type-simple"},"_links":{"self":[{"href":"https:\/\/antiquariat-steinbach.com\/rarebooks\/wp-json\/wp\/v2\/product\/7307","targetHints":{"allow":["GET"]}}],"collection":[{"href":"https:\/\/antiquariat-steinbach.com\/rarebooks\/wp-json\/wp\/v2\/product"}],"about":[{"href":"https:\/\/antiquariat-steinbach.com\/rarebooks\/wp-json\/wp\/v2\/types\/product"}],"version-history":[{"count":3,"href":"https:\/\/antiquariat-steinbach.com\/rarebooks\/wp-json\/wp\/v2\/product\/7307\/revisions"}],"predecessor-version":[{"id":21572,"href":"https:\/\/antiquariat-steinbach.com\/rarebooks\/wp-json\/wp\/v2\/product\/7307\/revisions\/21572"}],"wp:featuredmedia":[{"embeddable":true,"href":"https:\/\/antiquariat-steinbach.com\/rarebooks\/wp-json\/wp\/v2\/media\/15973"}],"wp:attachment":[{"href":"https:\/\/antiquariat-steinbach.com\/rarebooks\/wp-json\/wp\/v2\/media?parent=7307"}],"wp:term":[{"taxonomy":"product_brand","embeddable":true,"href":"https:\/\/antiquariat-steinbach.com\/rarebooks\/wp-json\/wp\/v2\/product_brand?post=7307"},{"taxonomy":"product_cat","embeddable":true,"href":"https:\/\/antiquariat-steinbach.com\/rarebooks\/wp-json\/wp\/v2\/product_cat?post=7307"},{"taxonomy":"product_tag","embeddable":true,"href":"https:\/\/antiquariat-steinbach.com\/rarebooks\/wp-json\/wp\/v2\/product_tag?post=7307"}],"curies":[{"name":"wp","href":"https:\/\/api.w.org\/{rel}","templated":true}]}}