{"id":7305,"date":"2026-03-12T00:22:10","date_gmt":"2026-03-11T23:22:10","guid":{"rendered":"http:\/\/antiquariat-steinbach.com\/rarebooks\/produkt\/ackerbau-viehzucht-forstwirtschaft-in-schlesien\/"},"modified":"2026-03-12T00:22:11","modified_gmt":"2026-03-11T23:22:11","slug":"schlesien-ackerbau-viehzucht-forstwirtschaft-in-schlesien","status":"publish","type":"product","link":"https:\/\/antiquariat-steinbach.com\/rarebooks\/produkt\/schlesien-ackerbau-viehzucht-forstwirtschaft-in-schlesien\/","title":{"rendered":"Schlesien: &#8211;  Ackerbau, Viehzucht, Forstwirtschaft in Schlesien."},"content":{"rendered":"<p>Hannover, 1946.<\/p>\n<p>35 : 44,5 cm. 2 Blatt mit 14 farbigen Karten. Original-Pappband.<\/p>\n<p>60,00 EUR<\/p>\n","protected":false},"excerpt":{"rendered":"<p>Das leistet Schlesien! Mit seiner landwirtschaftlichen Erzeugung vermag Schlesien nicht nur seine eigene Bev\u00f6lkerung, sonder dar\u00fcber hinaus Millionen von Menschen im \u00fcbrigen Deutschland ausreichend zu ern\u00e4hren. Als Manuskript gedruckt. Nur f\u00fcr den Dienstgebrauch.<\/p>\n","protected":false},"featured_media":22905,"template":"","meta":[],"product_brand":[],"product_cat":[74,59,127,914],"product_tag":[],"class_list":{"0":"post-7305","1":"product","2":"type-product","3":"status-publish","4":"has-post-thumbnail","6":"product_cat-deutschland","7":"product_cat-kulturgeschichte","8":"product_cat-landwirtschaft","9":"product_cat-zvab","11":"first","12":"instock","13":"purchasable","14":"product-type-simple"},"_links":{"self":[{"href":"https:\/\/antiquariat-steinbach.com\/rarebooks\/wp-json\/wp\/v2\/product\/7305","targetHints":{"allow":["GET"]}}],"collection":[{"href":"https:\/\/antiquariat-steinbach.com\/rarebooks\/wp-json\/wp\/v2\/product"}],"about":[{"href":"https:\/\/antiquariat-steinbach.com\/rarebooks\/wp-json\/wp\/v2\/types\/product"}],"version-history":[{"count":3,"href":"https:\/\/antiquariat-steinbach.com\/rarebooks\/wp-json\/wp\/v2\/product\/7305\/revisions"}],"predecessor-version":[{"id":21571,"href":"https:\/\/antiquariat-steinbach.com\/rarebooks\/wp-json\/wp\/v2\/product\/7305\/revisions\/21571"}],"wp:featuredmedia":[{"embeddable":true,"href":"https:\/\/antiquariat-steinbach.com\/rarebooks\/wp-json\/wp\/v2\/media\/22905"}],"wp:attachment":[{"href":"https:\/\/antiquariat-steinbach.com\/rarebooks\/wp-json\/wp\/v2\/media?parent=7305"}],"wp:term":[{"taxonomy":"product_brand","embeddable":true,"href":"https:\/\/antiquariat-steinbach.com\/rarebooks\/wp-json\/wp\/v2\/product_brand?post=7305"},{"taxonomy":"product_cat","embeddable":true,"href":"https:\/\/antiquariat-steinbach.com\/rarebooks\/wp-json\/wp\/v2\/product_cat?post=7305"},{"taxonomy":"product_tag","embeddable":true,"href":"https:\/\/antiquariat-steinbach.com\/rarebooks\/wp-json\/wp\/v2\/product_tag?post=7305"}],"curies":[{"name":"wp","href":"https:\/\/api.w.org\/{rel}","templated":true}]}}