{"id":7281,"date":"2026-03-12T00:22:08","date_gmt":"2026-03-11T23:22:08","guid":{"rendered":"http:\/\/antiquariat-steinbach.com\/rarebooks\/produkt\/saemmtliche-werke-in-zwoelf-baenden-supplement-zu-schillers-werken-aus-seinem-nachlass-4-baende\/"},"modified":"2026-03-12T00:22:09","modified_gmt":"2026-03-11T23:22:09","slug":"schiller-friedrich-saemmtliche-werke-in-zwoelf-baenden-supplement-zu-schillers-werken-aus-seinem-nachlass-4-baende","status":"publish","type":"product","link":"https:\/\/antiquariat-steinbach.com\/rarebooks\/produkt\/schiller-friedrich-saemmtliche-werke-in-zwoelf-baenden-supplement-zu-schillers-werken-aus-seinem-nachlass-4-baende\/","title":{"rendered":"Schiller, Friedrich. &#8211;  S\u00e4mmtliche Werke in zw\u00f6lf B\u00e4nden + Supplement zu Schillers Werken. Aus seinem Nachla\u00df  4 B\u00e4nde"},"content":{"rendered":"<p>Stuttgart und T\u00fcbingen, Augsburg, Cotta, 1853 &#8211; 1858.<\/p>\n<p>Zusammen 16 B\u00e4nde. 16 : 12 cm. Rote, uniforme Halblederb\u00e4nde der Zeit mit reicher R\u00fcckenvergoldung und Monogramm G.H.<\/p>\n<p>140,00 EUR<\/p>\n","protected":false},"excerpt":{"rendered":"<p>Mit Privilegien gegen den Nachdruck von Seiten s\u00e4mmtlicher Staaten des deutschen Bundes, von D\u00e4nemakr und den schweizerischen St\u00e4dten. &#8211; Die Supplemente mit dem Einverst\u00e4ndnis und unter Mitwirkung der Familie Schillers herausgegeben von Karl Hoffmeister. &#8211; Die dekorativen Einb\u00e4nde nur gering bestossen und beschabt, nur Band 1 st\u00e4rker und mit kleiner Fehlstelle am R\u00fccke rechts unten.<\/p>\n","protected":false},"featured_media":0,"template":"","meta":[],"product_brand":[],"product_cat":[74,301,32,914],"product_tag":[],"class_list":{"0":"post-7281","1":"product","2":"type-product","3":"status-publish","5":"product_cat-deutschland","6":"product_cat-gesamtausgaben","7":"product_cat-literatur","8":"product_cat-zvab","10":"first","11":"instock","12":"purchasable","13":"product-type-simple"},"_links":{"self":[{"href":"https:\/\/antiquariat-steinbach.com\/rarebooks\/wp-json\/wp\/v2\/product\/7281","targetHints":{"allow":["GET"]}}],"collection":[{"href":"https:\/\/antiquariat-steinbach.com\/rarebooks\/wp-json\/wp\/v2\/product"}],"about":[{"href":"https:\/\/antiquariat-steinbach.com\/rarebooks\/wp-json\/wp\/v2\/types\/product"}],"version-history":[{"count":3,"href":"https:\/\/antiquariat-steinbach.com\/rarebooks\/wp-json\/wp\/v2\/product\/7281\/revisions"}],"predecessor-version":[{"id":21557,"href":"https:\/\/antiquariat-steinbach.com\/rarebooks\/wp-json\/wp\/v2\/product\/7281\/revisions\/21557"}],"wp:attachment":[{"href":"https:\/\/antiquariat-steinbach.com\/rarebooks\/wp-json\/wp\/v2\/media?parent=7281"}],"wp:term":[{"taxonomy":"product_brand","embeddable":true,"href":"https:\/\/antiquariat-steinbach.com\/rarebooks\/wp-json\/wp\/v2\/product_brand?post=7281"},{"taxonomy":"product_cat","embeddable":true,"href":"https:\/\/antiquariat-steinbach.com\/rarebooks\/wp-json\/wp\/v2\/product_cat?post=7281"},{"taxonomy":"product_tag","embeddable":true,"href":"https:\/\/antiquariat-steinbach.com\/rarebooks\/wp-json\/wp\/v2\/product_tag?post=7281"}],"curies":[{"name":"wp","href":"https:\/\/api.w.org\/{rel}","templated":true}]}}