{"id":7279,"date":"2026-03-12T00:22:08","date_gmt":"2026-03-11T23:22:08","guid":{"rendered":"http:\/\/antiquariat-steinbach.com\/rarebooks\/produkt\/don-karlos-infant-von-spanien\/"},"modified":"2026-03-12T00:22:09","modified_gmt":"2026-03-11T23:22:09","slug":"schiller-friedrich-don-karlos-infant-von-spanien","status":"publish","type":"product","link":"https:\/\/antiquariat-steinbach.com\/rarebooks\/produkt\/schiller-friedrich-don-karlos-infant-von-spanien\/","title":{"rendered":"Schiller, Friedrich. &#8211;  Don Karlos. Infant von Spanien."},"content":{"rendered":"<p>Leipzig, G\u00f6schen, 1801.<\/p>\n<p>2 Teile in 1 Band. 16,5 : 10,5 cm. Titel, Seite 1 &#8211; 276, Titel, Seiten 277 &#8211;   480, 2 gestochene Frontispiece. Lederband der Zeit mit R\u00fcckenvergoldung, 2 R\u00fcckenschildern.<\/p>\n<p>120,00 EUR<\/p>\n","protected":false},"excerpt":{"rendered":"<p>Schiller \u00e4nderte f\u00fcr diese Ausgabe die aus den Quellen \u00fcbernommene portugiesische Schreibweise Dom, in die spanische Form Don. &#8211; Vereinzelt gering fleckig; Einband etwas berieben, speziell an den Kanten.  &#8211; Goed. V, 180, 8c.<\/p>\n","protected":false},"featured_media":15964,"template":"","meta":[],"product_brand":[],"product_cat":[74,97,32,148,914],"product_tag":[],"class_list":{"0":"post-7279","1":"product","2":"type-product","3":"status-publish","4":"has-post-thumbnail","6":"product_cat-deutschland","7":"product_cat-geschichte","8":"product_cat-literatur","9":"product_cat-spanien","10":"product_cat-zvab","12":"first","13":"instock","14":"purchasable","15":"product-type-simple"},"_links":{"self":[{"href":"https:\/\/antiquariat-steinbach.com\/rarebooks\/wp-json\/wp\/v2\/product\/7279","targetHints":{"allow":["GET"]}}],"collection":[{"href":"https:\/\/antiquariat-steinbach.com\/rarebooks\/wp-json\/wp\/v2\/product"}],"about":[{"href":"https:\/\/antiquariat-steinbach.com\/rarebooks\/wp-json\/wp\/v2\/types\/product"}],"version-history":[{"count":3,"href":"https:\/\/antiquariat-steinbach.com\/rarebooks\/wp-json\/wp\/v2\/product\/7279\/revisions"}],"predecessor-version":[{"id":21556,"href":"https:\/\/antiquariat-steinbach.com\/rarebooks\/wp-json\/wp\/v2\/product\/7279\/revisions\/21556"}],"wp:featuredmedia":[{"embeddable":true,"href":"https:\/\/antiquariat-steinbach.com\/rarebooks\/wp-json\/wp\/v2\/media\/15964"}],"wp:attachment":[{"href":"https:\/\/antiquariat-steinbach.com\/rarebooks\/wp-json\/wp\/v2\/media?parent=7279"}],"wp:term":[{"taxonomy":"product_brand","embeddable":true,"href":"https:\/\/antiquariat-steinbach.com\/rarebooks\/wp-json\/wp\/v2\/product_brand?post=7279"},{"taxonomy":"product_cat","embeddable":true,"href":"https:\/\/antiquariat-steinbach.com\/rarebooks\/wp-json\/wp\/v2\/product_cat?post=7279"},{"taxonomy":"product_tag","embeddable":true,"href":"https:\/\/antiquariat-steinbach.com\/rarebooks\/wp-json\/wp\/v2\/product_tag?post=7279"}],"curies":[{"name":"wp","href":"https:\/\/api.w.org\/{rel}","templated":true}]}}