{"id":7275,"date":"2026-03-12T00:22:08","date_gmt":"2026-03-11T23:22:08","guid":{"rendered":"http:\/\/antiquariat-steinbach.com\/rarebooks\/produkt\/leitfaden-fuer-einen-verkaeufer-wie-er-sein-soll-fuer-alle-branchen-aufzeichnungen-eines-kurses\/"},"modified":"2026-03-12T00:22:08","modified_gmt":"2026-03-11T23:22:08","slug":"schigl-karl-leitfaden-fuer-einen-verkaeufer-wie-er-sein-soll-fuer-alle-branchen-aufzeichnungen-eines-kurses","status":"publish","type":"product","link":"https:\/\/antiquariat-steinbach.com\/rarebooks\/produkt\/schigl-karl-leitfaden-fuer-einen-verkaeufer-wie-er-sein-soll-fuer-alle-branchen-aufzeichnungen-eines-kurses\/","title":{"rendered":"Schigl, Karl: &#8211;  Leitfaden f\u00fcr einen Verk\u00e4ufer wie er sein soll! F\u00fcr alle Branchen! Aufzeichnungen eines Kurses."},"content":{"rendered":"<p>(Wien, 1927).<\/p>\n<p>24 : 20 cm. 83 beschriebene Blatt, 17 w. Blatt mit einigen Skizzen. Halbleinenband.<\/p>\n<p>90,00 EUR<\/p>\n","protected":false},"excerpt":{"rendered":"<p>Umfa\u00dft in gr\u00f6\u00dfter Ausf\u00fchrlichkeit alles, was seinerzeit ein guter Verk\u00e4ufer wissen mu\u00dfte. Von der Verkaufskunst, H\u00f6flichkeit, Takt, Geduld, Warenkenntnis etc. Enth\u00e4lt ferner imagin\u00e4re Kundengespr\u00e4che, Waren-Berechnung und kaufm\u00e4nnische Kalkulationen usw. Ein gro\u00dfer Teil des Kurses befa\u00dft sich mit der &#8222;\u00c4sthetik des Schaufensters&#8220; deren Beleuchtung und der Farbenharmonie. Ferner mit Reklame, Gesch\u00e4ftsbriefe u.v.m. In sch\u00f6ner, gut leserlicher Schrift.<\/p>\n","protected":false},"featured_media":0,"template":"","meta":[],"product_brand":[],"product_cat":[56,91,914],"product_tag":[],"class_list":{"0":"post-7275","1":"product","2":"type-product","3":"status-publish","5":"product_cat-handel","6":"product_cat-wirtschaft","7":"product_cat-zvab","9":"first","10":"instock","11":"purchasable","12":"product-type-simple"},"_links":{"self":[{"href":"https:\/\/antiquariat-steinbach.com\/rarebooks\/wp-json\/wp\/v2\/product\/7275","targetHints":{"allow":["GET"]}}],"collection":[{"href":"https:\/\/antiquariat-steinbach.com\/rarebooks\/wp-json\/wp\/v2\/product"}],"about":[{"href":"https:\/\/antiquariat-steinbach.com\/rarebooks\/wp-json\/wp\/v2\/types\/product"}],"version-history":[{"count":3,"href":"https:\/\/antiquariat-steinbach.com\/rarebooks\/wp-json\/wp\/v2\/product\/7275\/revisions"}],"predecessor-version":[{"id":21554,"href":"https:\/\/antiquariat-steinbach.com\/rarebooks\/wp-json\/wp\/v2\/product\/7275\/revisions\/21554"}],"wp:attachment":[{"href":"https:\/\/antiquariat-steinbach.com\/rarebooks\/wp-json\/wp\/v2\/media?parent=7275"}],"wp:term":[{"taxonomy":"product_brand","embeddable":true,"href":"https:\/\/antiquariat-steinbach.com\/rarebooks\/wp-json\/wp\/v2\/product_brand?post=7275"},{"taxonomy":"product_cat","embeddable":true,"href":"https:\/\/antiquariat-steinbach.com\/rarebooks\/wp-json\/wp\/v2\/product_cat?post=7275"},{"taxonomy":"product_tag","embeddable":true,"href":"https:\/\/antiquariat-steinbach.com\/rarebooks\/wp-json\/wp\/v2\/product_tag?post=7275"}],"curies":[{"name":"wp","href":"https:\/\/api.w.org\/{rel}","templated":true}]}}