{"id":7221,"date":"2026-03-12T00:22:02","date_gmt":"2026-03-11T23:22:02","guid":{"rendered":"http:\/\/antiquariat-steinbach.com\/rarebooks\/produkt\/kleiner-junge-af-einem-seil-tanzend-darunter-weite-landschaft\/"},"modified":"2026-03-12T00:22:03","modified_gmt":"2026-03-11T23:22:03","slug":"scheidl-scheidl-roman-kleiner-junge-af-einem-seil-tanzend-darunter-weite-landschaft","status":"publish","type":"product","link":"https:\/\/antiquariat-steinbach.com\/rarebooks\/produkt\/scheidl-scheidl-roman-kleiner-junge-af-einem-seil-tanzend-darunter-weite-landschaft\/","title":{"rendered":"Scheidl &#8211;   Scheidl, Roman. &#8211;  Kleiner Junge af einem Seil tanzend, darunter weite Landschaft."},"content":{"rendered":"<p>ca. 1980.<\/p>\n<p>12,5 : 9,5 cm (Darstellung) &#8211; 43 : 34 cm (Blattgr\u00f6\u00dfe) Original-Farbradierung, signiert und nummeriert.<\/p>\n<p>1200,00 EUR<\/p>\n","protected":false},"excerpt":{"rendered":"<p>Eines von 80 nummerierten Exemplaren. Ein Bub steht auf einem Seil darunter eine weite Landschaft. Eindrucksvolle, fr\u00fche Arbeit des \u00f6sterreichischen K\u00fcnstlers (geb. 1949), signiert und datiert. Fr\u00fche Arbeit des \u00f6sterreichischen K\u00fcnstlers (geb. 1949), die schon seine weitere Entwicklung erahnen l\u00e4\u00dft. Gro\u00dfformatiges Blatt mit dem Titel in Bleistift unterhalb der Darstellung, als Probedruck bezeichnet, signiert und datiert. &#8211; Wichtiges Blatt aus der Serie &#8218;Die verdichtete Zeit&#8216; &#8211; &#8218;Compressing time&#8216; (siehe das Buch mit dem Titel ISBN 978-3-99028-439-1) wo es ausf\u00fchrlich beschrieben wird. &#8211; Roman Scheidl (geboren 1949 in Leopoldsdorf \/N\u00d6) als 12-j\u00e4hriger will er Maler werden, 1968 Matura, 1969 Beginn des Graphikstudiums an der Akademie der Bildenden K\u00fcnste in Wien bei Pro.f Max Melcher. 1971 erste  Reise nach Stockholm. 1972 &#8211; 1974 Ausstellungen in New York, K\u00f6ln und der Schweiz. 1982 \u00dcbersiedlung in die Schweiz, Mitarbeit bei experimentellen Tanzstpcken, Lichtkonzepte etc. Einzelausstellungen in New York, Z\u00fcrich, Albertina etc. Performancetouren nach Z\u00fcrich und Paris. 2003 erste gro\u00dfe Japan-Reise mit Ausstellungen in Tokyo. Es Folgen Ausstellungen und Performance weltweit.<\/p>\n","protected":false},"featured_media":15952,"template":"","meta":[],"product_brand":[],"product_cat":[29,317,217,914],"product_tag":[],"class_list":{"0":"post-7221","1":"product","2":"type-product","3":"status-publish","4":"has-post-thumbnail","6":"product_cat-20-jahrhundert","7":"product_cat-kuenstlergraphik","8":"product_cat-vienna-austriaca","9":"product_cat-zvab","11":"first","12":"instock","13":"purchasable","14":"product-type-simple"},"_links":{"self":[{"href":"https:\/\/antiquariat-steinbach.com\/rarebooks\/wp-json\/wp\/v2\/product\/7221","targetHints":{"allow":["GET"]}}],"collection":[{"href":"https:\/\/antiquariat-steinbach.com\/rarebooks\/wp-json\/wp\/v2\/product"}],"about":[{"href":"https:\/\/antiquariat-steinbach.com\/rarebooks\/wp-json\/wp\/v2\/types\/product"}],"version-history":[{"count":4,"href":"https:\/\/antiquariat-steinbach.com\/rarebooks\/wp-json\/wp\/v2\/product\/7221\/revisions"}],"predecessor-version":[{"id":25820,"href":"https:\/\/antiquariat-steinbach.com\/rarebooks\/wp-json\/wp\/v2\/product\/7221\/revisions\/25820"}],"wp:featuredmedia":[{"embeddable":true,"href":"https:\/\/antiquariat-steinbach.com\/rarebooks\/wp-json\/wp\/v2\/media\/15952"}],"wp:attachment":[{"href":"https:\/\/antiquariat-steinbach.com\/rarebooks\/wp-json\/wp\/v2\/media?parent=7221"}],"wp:term":[{"taxonomy":"product_brand","embeddable":true,"href":"https:\/\/antiquariat-steinbach.com\/rarebooks\/wp-json\/wp\/v2\/product_brand?post=7221"},{"taxonomy":"product_cat","embeddable":true,"href":"https:\/\/antiquariat-steinbach.com\/rarebooks\/wp-json\/wp\/v2\/product_cat?post=7221"},{"taxonomy":"product_tag","embeddable":true,"href":"https:\/\/antiquariat-steinbach.com\/rarebooks\/wp-json\/wp\/v2\/product_tag?post=7221"}],"curies":[{"name":"wp","href":"https:\/\/api.w.org\/{rel}","templated":true}]}}