{"id":7195,"date":"2026-03-12T00:20:59","date_gmt":"2026-03-11T23:20:59","guid":{"rendered":"http:\/\/antiquariat-steinbach.com\/rarebooks\/produkt\/aufgefuehrt-in-den-k-k\/"},"modified":"2026-03-12T00:21:00","modified_gmt":"2026-03-11T23:21:00","slug":"schauspiele-neue-aufgefuehrt-in-den-k-k","status":"publish","type":"product","link":"https:\/\/antiquariat-steinbach.com\/rarebooks\/produkt\/schauspiele-neue-aufgefuehrt-in-den-k-k\/","title":{"rendered":"Schauspiele, Neue: &#8211;  Aufgef\u00fchrt in den k.k."},"content":{"rendered":"<p>Pressburg und Leipzig, L\u00f6wen 1773.<\/p>\n<p>8. Band. 4 Teile in 1 Band. 17 : 10,5 cm. 2 Blatt, 94; 120; 84; 102 Seiten, 1 Blatt mit gestochener Titelvignette. Sp\u00e4terer Leinenband.<\/p>\n<p>90,00 EUR<\/p>\n","protected":false},"excerpt":{"rendered":"<p>Enth\u00e4lt: I. Stephanie der J\u00fcngere, G. Der Deserteur aus Kindesliebe. Ein Lustspiel in drey Aufz\u00fcgen. (Mayer 59; Teatralia Radenin 2746). &#8211; II. Ders. Thorheit und Betr\u00fcgerey, oder Eins lacht \u00fcber das andere. Ein Lustpsiel in drey Aufz\u00fcgen. (Teatralia Radenin 329). &#8211; III. (Lesage, A.R. &#038; d&#8217;Orneval). Der junge Greis. Ein Schauspiel in drey Aufz\u00fcgen. (Teatralia Radenin2235). &#8211; IV.(Gotter, Fr.W.). Orest und Elektra. Ein Trauerspiel in f\u00fcnf Aufz\u00fcgen und in Versen, nach Voltaire und Crebillon. (Teatralia Radenin 2311). &#8211; Interessanter Sammelband. Aus Bibliothek Georg Eckl, mit dessen Exlibris.<\/p>\n","protected":false},"featured_media":15944,"template":"","meta":[],"product_brand":[],"product_cat":[824,71,32,145,914],"product_tag":[],"class_list":{"0":"post-7195","1":"product","2":"type-product","3":"status-publish","4":"has-post-thumbnail","6":"product_cat-aus-bibliothek-georg-eckl","7":"product_cat-austriaca","8":"product_cat-literatur","9":"product_cat-theater","10":"product_cat-zvab","12":"first","13":"instock","14":"purchasable","15":"product-type-simple"},"_links":{"self":[{"href":"https:\/\/antiquariat-steinbach.com\/rarebooks\/wp-json\/wp\/v2\/product\/7195","targetHints":{"allow":["GET"]}}],"collection":[{"href":"https:\/\/antiquariat-steinbach.com\/rarebooks\/wp-json\/wp\/v2\/product"}],"about":[{"href":"https:\/\/antiquariat-steinbach.com\/rarebooks\/wp-json\/wp\/v2\/types\/product"}],"version-history":[{"count":3,"href":"https:\/\/antiquariat-steinbach.com\/rarebooks\/wp-json\/wp\/v2\/product\/7195\/revisions"}],"predecessor-version":[{"id":21516,"href":"https:\/\/antiquariat-steinbach.com\/rarebooks\/wp-json\/wp\/v2\/product\/7195\/revisions\/21516"}],"wp:featuredmedia":[{"embeddable":true,"href":"https:\/\/antiquariat-steinbach.com\/rarebooks\/wp-json\/wp\/v2\/media\/15944"}],"wp:attachment":[{"href":"https:\/\/antiquariat-steinbach.com\/rarebooks\/wp-json\/wp\/v2\/media?parent=7195"}],"wp:term":[{"taxonomy":"product_brand","embeddable":true,"href":"https:\/\/antiquariat-steinbach.com\/rarebooks\/wp-json\/wp\/v2\/product_brand?post=7195"},{"taxonomy":"product_cat","embeddable":true,"href":"https:\/\/antiquariat-steinbach.com\/rarebooks\/wp-json\/wp\/v2\/product_cat?post=7195"},{"taxonomy":"product_tag","embeddable":true,"href":"https:\/\/antiquariat-steinbach.com\/rarebooks\/wp-json\/wp\/v2\/product_tag?post=7195"}],"curies":[{"name":"wp","href":"https:\/\/api.w.org\/{rel}","templated":true}]}}