{"id":7193,"date":"2026-03-12T00:20:59","date_gmt":"2026-03-11T23:20:59","guid":{"rendered":"http:\/\/antiquariat-steinbach.com\/rarebooks\/produkt\/verse-1892-1908-der-ausgewaehlten-gedichte\/"},"modified":"2026-03-12T00:20:59","modified_gmt":"2026-03-11T23:20:59","slug":"schaukal-richard-verse-1892-1908-der-ausgewaehlten-gedichte","status":"publish","type":"product","link":"https:\/\/antiquariat-steinbach.com\/rarebooks\/produkt\/schaukal-richard-verse-1892-1908-der-ausgewaehlten-gedichte\/","title":{"rendered":"Schaukal, Richard: &#8211;  Verse (1892-1908) der ausgew\u00e4hlten Gedichte."},"content":{"rendered":"<p>M\u00fcnchen und Leipzig, Georg M\u00fcller 1909.<\/p>\n<p>2 B\u00e4nde. 19,5 : 13 cm. XV, 111 Seiten; 3 Blatt, 92 Seiten, 2 Blatt Original-Pergamentb\u00e4nde mit R\u00fccken- und Deckeltitel in Gold, Kopfgoldschnitt.<\/p>\n<p>320,00 EUR<\/p>\n","protected":false},"excerpt":{"rendered":"<p>Eines von 50 numerierten Exemplaren der Luxusausgabe. Druckvermerk in beiden B\u00e4nden vom Dichter signiert und numeriert. Auf van Geldern B\u00fctten abgezogen und in Ganzpergament gebunden. In dieser Form selten.<\/p>\n","protected":false},"featured_media":15943,"template":"","meta":[],"product_brand":[],"product_cat":[29,95,32,842,973,914],"product_tag":[],"class_list":{"0":"post-7193","1":"product","2":"type-product","3":"status-publish","4":"has-post-thumbnail","6":"product_cat-20-jahrhundert","7":"product_cat-einbaende","8":"product_cat-literatur","9":"product_cat-signed","10":"product_cat-vorzugsausgabe","11":"product_cat-zvab","13":"first","14":"instock","15":"purchasable","16":"product-type-simple"},"_links":{"self":[{"href":"https:\/\/antiquariat-steinbach.com\/rarebooks\/wp-json\/wp\/v2\/product\/7193","targetHints":{"allow":["GET"]}}],"collection":[{"href":"https:\/\/antiquariat-steinbach.com\/rarebooks\/wp-json\/wp\/v2\/product"}],"about":[{"href":"https:\/\/antiquariat-steinbach.com\/rarebooks\/wp-json\/wp\/v2\/types\/product"}],"version-history":[{"count":3,"href":"https:\/\/antiquariat-steinbach.com\/rarebooks\/wp-json\/wp\/v2\/product\/7193\/revisions"}],"predecessor-version":[{"id":21515,"href":"https:\/\/antiquariat-steinbach.com\/rarebooks\/wp-json\/wp\/v2\/product\/7193\/revisions\/21515"}],"wp:featuredmedia":[{"embeddable":true,"href":"https:\/\/antiquariat-steinbach.com\/rarebooks\/wp-json\/wp\/v2\/media\/15943"}],"wp:attachment":[{"href":"https:\/\/antiquariat-steinbach.com\/rarebooks\/wp-json\/wp\/v2\/media?parent=7193"}],"wp:term":[{"taxonomy":"product_brand","embeddable":true,"href":"https:\/\/antiquariat-steinbach.com\/rarebooks\/wp-json\/wp\/v2\/product_brand?post=7193"},{"taxonomy":"product_cat","embeddable":true,"href":"https:\/\/antiquariat-steinbach.com\/rarebooks\/wp-json\/wp\/v2\/product_cat?post=7193"},{"taxonomy":"product_tag","embeddable":true,"href":"https:\/\/antiquariat-steinbach.com\/rarebooks\/wp-json\/wp\/v2\/product_tag?post=7193"}],"curies":[{"name":"wp","href":"https:\/\/api.w.org\/{rel}","templated":true}]}}