{"id":7169,"date":"2026-03-12T00:20:55","date_gmt":"2026-03-11T23:20:55","guid":{"rendered":"http:\/\/antiquariat-steinbach.com\/rarebooks\/produkt\/niederlaendische-dorfgeschichten\/"},"modified":"2026-03-12T00:20:57","modified_gmt":"2026-03-11T23:20:57","slug":"schaick-cornelis-van-niederlaendische-dorfgeschichten","status":"publish","type":"product","link":"https:\/\/antiquariat-steinbach.com\/rarebooks\/produkt\/schaick-cornelis-van-niederlaendische-dorfgeschichten\/","title":{"rendered":"Schaick, Cornelis van: &#8211;  Niederl\u00e4ndische Dorfgeschichten."},"content":{"rendered":"<p>Leipzig, Lorck 1850.<\/p>\n<p>4 Teile in 1 Band. XX, 132;143;160;144 Seiten Mit Stahlstichportrait. Pappband der Zeit.<\/p>\n<p>60,00 EUR<\/p>\n","protected":false},"excerpt":{"rendered":"<p>Erste deutsche Ausgabe. &#8211; Niederl\u00e4ndische Bibliothek Band 9 &#8211; 12. &#8211; Teil 1 ohne Reihentitel, etwas braun- und stsockfleckig, am Schlu\u00df kleine Wurmg\u00e4nge; einb\u00e4nde leicht besto\u00dfen, Gelenke br\u00fcchig.<\/p>\n","protected":false},"featured_media":15939,"template":"","meta":[],"product_brand":[],"product_cat":[32,103,914],"product_tag":[],"class_list":{"0":"post-7169","1":"product","2":"type-product","3":"status-publish","4":"has-post-thumbnail","6":"product_cat-literatur","7":"product_cat-michael","8":"product_cat-zvab","10":"first","11":"instock","12":"purchasable","13":"product-type-simple"},"_links":{"self":[{"href":"https:\/\/antiquariat-steinbach.com\/rarebooks\/wp-json\/wp\/v2\/product\/7169","targetHints":{"allow":["GET"]}}],"collection":[{"href":"https:\/\/antiquariat-steinbach.com\/rarebooks\/wp-json\/wp\/v2\/product"}],"about":[{"href":"https:\/\/antiquariat-steinbach.com\/rarebooks\/wp-json\/wp\/v2\/types\/product"}],"version-history":[{"count":3,"href":"https:\/\/antiquariat-steinbach.com\/rarebooks\/wp-json\/wp\/v2\/product\/7169\/revisions"}],"predecessor-version":[{"id":21506,"href":"https:\/\/antiquariat-steinbach.com\/rarebooks\/wp-json\/wp\/v2\/product\/7169\/revisions\/21506"}],"wp:featuredmedia":[{"embeddable":true,"href":"https:\/\/antiquariat-steinbach.com\/rarebooks\/wp-json\/wp\/v2\/media\/15939"}],"wp:attachment":[{"href":"https:\/\/antiquariat-steinbach.com\/rarebooks\/wp-json\/wp\/v2\/media?parent=7169"}],"wp:term":[{"taxonomy":"product_brand","embeddable":true,"href":"https:\/\/antiquariat-steinbach.com\/rarebooks\/wp-json\/wp\/v2\/product_brand?post=7169"},{"taxonomy":"product_cat","embeddable":true,"href":"https:\/\/antiquariat-steinbach.com\/rarebooks\/wp-json\/wp\/v2\/product_cat?post=7169"},{"taxonomy":"product_tag","embeddable":true,"href":"https:\/\/antiquariat-steinbach.com\/rarebooks\/wp-json\/wp\/v2\/product_tag?post=7169"}],"curies":[{"name":"wp","href":"https:\/\/api.w.org\/{rel}","templated":true}]}}