{"id":7165,"date":"2026-03-12T00:20:55","date_gmt":"2026-03-11T23:20:55","guid":{"rendered":"http:\/\/antiquariat-steinbach.com\/rarebooks\/produkt\/rheinsagen\/"},"modified":"2026-03-12T00:20:57","modified_gmt":"2026-03-11T23:20:57","slug":"schaefer-wilhelm-rheinsagen","status":"publish","type":"product","link":"https:\/\/antiquariat-steinbach.com\/rarebooks\/produkt\/schaefer-wilhelm-rheinsagen\/","title":{"rendered":"Sch\u00e4fer, Wilhelm. &#8211;  Rheinsagen."},"content":{"rendered":"<p>M\u00fcnchen, Langen-M\u00fcller, 1913.<\/p>\n<p>18 : 10,5 cm. 127 Seiten. Farbig illustrierter Original-Karton.<\/p>\n<p>15,00 EUR<\/p>\n","protected":false},"excerpt":{"rendered":"<p>M\u00fcnchen, Langen-M\u00fcller, 1913. 18 : 10,5 cm. 127 Seiten. Farbig illustrierter Original-Karton. 15,00 EUR<\/p>\n","protected":false},"featured_media":15935,"template":"","meta":[],"product_brand":[],"product_cat":[29,74,32,822,914],"product_tag":[],"class_list":{"0":"post-7165","1":"product","2":"type-product","3":"status-publish","4":"has-post-thumbnail","6":"product_cat-20-jahrhundert","7":"product_cat-deutschland","8":"product_cat-literatur","9":"product_cat-rheinland","10":"product_cat-zvab","12":"first","13":"instock","14":"purchasable","15":"product-type-simple"},"_links":{"self":[{"href":"https:\/\/antiquariat-steinbach.com\/rarebooks\/wp-json\/wp\/v2\/product\/7165","targetHints":{"allow":["GET"]}}],"collection":[{"href":"https:\/\/antiquariat-steinbach.com\/rarebooks\/wp-json\/wp\/v2\/product"}],"about":[{"href":"https:\/\/antiquariat-steinbach.com\/rarebooks\/wp-json\/wp\/v2\/types\/product"}],"version-history":[{"count":3,"href":"https:\/\/antiquariat-steinbach.com\/rarebooks\/wp-json\/wp\/v2\/product\/7165\/revisions"}],"predecessor-version":[{"id":21505,"href":"https:\/\/antiquariat-steinbach.com\/rarebooks\/wp-json\/wp\/v2\/product\/7165\/revisions\/21505"}],"wp:featuredmedia":[{"embeddable":true,"href":"https:\/\/antiquariat-steinbach.com\/rarebooks\/wp-json\/wp\/v2\/media\/15935"}],"wp:attachment":[{"href":"https:\/\/antiquariat-steinbach.com\/rarebooks\/wp-json\/wp\/v2\/media?parent=7165"}],"wp:term":[{"taxonomy":"product_brand","embeddable":true,"href":"https:\/\/antiquariat-steinbach.com\/rarebooks\/wp-json\/wp\/v2\/product_brand?post=7165"},{"taxonomy":"product_cat","embeddable":true,"href":"https:\/\/antiquariat-steinbach.com\/rarebooks\/wp-json\/wp\/v2\/product_cat?post=7165"},{"taxonomy":"product_tag","embeddable":true,"href":"https:\/\/antiquariat-steinbach.com\/rarebooks\/wp-json\/wp\/v2\/product_tag?post=7165"}],"curies":[{"name":"wp","href":"https:\/\/api.w.org\/{rel}","templated":true}]}}