{"id":7153,"date":"2026-03-12T00:14:52","date_gmt":"2026-03-11T23:14:52","guid":{"rendered":"http:\/\/antiquariat-steinbach.com\/rarebooks\/produkt\/en-marge-de-anatole-france\/"},"modified":"2026-03-12T00:14:53","modified_gmt":"2026-03-11T23:14:53","slug":"livres-illustres-sauvage-sylvian-en-marge-de-anatole-france","status":"publish","type":"product","link":"https:\/\/antiquariat-steinbach.com\/rarebooks\/produkt\/livres-illustres-sauvage-sylvian-en-marge-de-anatole-france\/","title":{"rendered":"Livres illustr\u00e9s &#8211;   Sauvage, Sylvian: &#8211;  En marge de Anatole France."},"content":{"rendered":"<p>Paris, 1925<\/p>\n<p>28 : 22,5 cm. With 3 original colour-woodcuts by Sylvian Sauvage with remarques. Original wrappers.<\/p>\n<p>180,00 EUR<\/p>\n","protected":false},"excerpt":{"rendered":"<p>One of only 55 numbered copies, five of them on Japan paper, of the only edition. With the artists initials on the imprint. These three woodcuts (for Diderot) have been published by the artist himself because the publisher refused them. Sauvage was famous for his illustraions for French poets like Balzac, Diderot, A. France, Voltaire a.a. Very rare set. &#8211; Thieme\/B. XXIX, 1935; Benezit 7.  F\u00e9lix Roy, dit Sylvain Sauvage (n\u00e9 \u00e0 Baume-les-Messieurs (Jura) le 8 mai 1888 et mort \u00e0 Paris en janvier 1948) est un illustrateur et technicien du livre fran\u00e7ais. Il a \u00e9t\u00e9 exposant du Salon des artistes d\u00e9corateurs et directeur de l&#8217;\u00c9cole Estienne. Il a illustr\u00e9 de nombreux ouvrages.<\/p>\n","protected":false},"featured_media":15932,"template":"","meta":[],"product_brand":[],"product_cat":[29,143,43,32,914],"product_tag":[],"class_list":{"0":"post-7153","1":"product","2":"type-product","3":"status-publish","4":"has-post-thumbnail","6":"product_cat-20-jahrhundert","7":"product_cat-francais","8":"product_cat-illustrierte-buecher","9":"product_cat-literatur","10":"product_cat-zvab","12":"first","13":"instock","14":"purchasable","15":"product-type-simple"},"_links":{"self":[{"href":"https:\/\/antiquariat-steinbach.com\/rarebooks\/wp-json\/wp\/v2\/product\/7153","targetHints":{"allow":["GET"]}}],"collection":[{"href":"https:\/\/antiquariat-steinbach.com\/rarebooks\/wp-json\/wp\/v2\/product"}],"about":[{"href":"https:\/\/antiquariat-steinbach.com\/rarebooks\/wp-json\/wp\/v2\/types\/product"}],"version-history":[{"count":4,"href":"https:\/\/antiquariat-steinbach.com\/rarebooks\/wp-json\/wp\/v2\/product\/7153\/revisions"}],"predecessor-version":[{"id":24603,"href":"https:\/\/antiquariat-steinbach.com\/rarebooks\/wp-json\/wp\/v2\/product\/7153\/revisions\/24603"}],"wp:featuredmedia":[{"embeddable":true,"href":"https:\/\/antiquariat-steinbach.com\/rarebooks\/wp-json\/wp\/v2\/media\/15932"}],"wp:attachment":[{"href":"https:\/\/antiquariat-steinbach.com\/rarebooks\/wp-json\/wp\/v2\/media?parent=7153"}],"wp:term":[{"taxonomy":"product_brand","embeddable":true,"href":"https:\/\/antiquariat-steinbach.com\/rarebooks\/wp-json\/wp\/v2\/product_brand?post=7153"},{"taxonomy":"product_cat","embeddable":true,"href":"https:\/\/antiquariat-steinbach.com\/rarebooks\/wp-json\/wp\/v2\/product_cat?post=7153"},{"taxonomy":"product_tag","embeddable":true,"href":"https:\/\/antiquariat-steinbach.com\/rarebooks\/wp-json\/wp\/v2\/product_tag?post=7153"}],"curies":[{"name":"wp","href":"https:\/\/api.w.org\/{rel}","templated":true}]}}