{"id":7149,"date":"2026-03-12T00:20:52","date_gmt":"2026-03-11T23:20:52","guid":{"rendered":"http:\/\/antiquariat-steinbach.com\/rarebooks\/produkt\/dinnerparty-a-la-perestroika\/"},"modified":"2026-03-12T00:20:54","modified_gmt":"2026-03-11T23:20:54","slug":"saul-marianne-dinnerparty-a-la-perestroika","status":"publish","type":"product","link":"https:\/\/antiquariat-steinbach.com\/rarebooks\/produkt\/saul-marianne-dinnerparty-a-la-perestroika\/","title":{"rendered":"Saul, Marianne: &#8211;  Dinnerparty \u00e0 la Perestroika."},"content":{"rendered":"<p>(Berlin), Taco (1988).<\/p>\n<p>23,5 : 30,5 cm. 63 Seiten mit vielen farbigen Abbildungen. Farbig illustrierter Original-Karton.<\/p>\n<p>19,00 EUR<\/p>\n","protected":false},"excerpt":{"rendered":"<p>Sehr originell gestaltete Anleitung f\u00fcr die russische K\u00fcche. Mit vielen Rezepten, Dekorationsvorschl\u00e4gen, ausschneidbaren Einladungskarten, Schablonen etc.<\/p>\n","protected":false},"featured_media":27992,"template":"","meta":[],"product_brand":[],"product_cat":[58,59,914],"product_tag":[],"class_list":{"0":"post-7149","1":"product","2":"type-product","3":"status-publish","4":"has-post-thumbnail","6":"product_cat-gastronomie","7":"product_cat-kulturgeschichte","8":"product_cat-zvab","10":"first","11":"instock","12":"purchasable","13":"product-type-simple"},"_links":{"self":[{"href":"https:\/\/antiquariat-steinbach.com\/rarebooks\/wp-json\/wp\/v2\/product\/7149","targetHints":{"allow":["GET"]}}],"collection":[{"href":"https:\/\/antiquariat-steinbach.com\/rarebooks\/wp-json\/wp\/v2\/product"}],"about":[{"href":"https:\/\/antiquariat-steinbach.com\/rarebooks\/wp-json\/wp\/v2\/types\/product"}],"version-history":[{"count":4,"href":"https:\/\/antiquariat-steinbach.com\/rarebooks\/wp-json\/wp\/v2\/product\/7149\/revisions"}],"predecessor-version":[{"id":27991,"href":"https:\/\/antiquariat-steinbach.com\/rarebooks\/wp-json\/wp\/v2\/product\/7149\/revisions\/27991"}],"wp:featuredmedia":[{"embeddable":true,"href":"https:\/\/antiquariat-steinbach.com\/rarebooks\/wp-json\/wp\/v2\/media\/27992"}],"wp:attachment":[{"href":"https:\/\/antiquariat-steinbach.com\/rarebooks\/wp-json\/wp\/v2\/media?parent=7149"}],"wp:term":[{"taxonomy":"product_brand","embeddable":true,"href":"https:\/\/antiquariat-steinbach.com\/rarebooks\/wp-json\/wp\/v2\/product_brand?post=7149"},{"taxonomy":"product_cat","embeddable":true,"href":"https:\/\/antiquariat-steinbach.com\/rarebooks\/wp-json\/wp\/v2\/product_cat?post=7149"},{"taxonomy":"product_tag","embeddable":true,"href":"https:\/\/antiquariat-steinbach.com\/rarebooks\/wp-json\/wp\/v2\/product_tag?post=7149"}],"curies":[{"name":"wp","href":"https:\/\/api.w.org\/{rel}","templated":true}]}}