{"id":7137,"date":"2026-03-12T00:20:52","date_gmt":"2026-03-11T23:20:52","guid":{"rendered":"http:\/\/antiquariat-steinbach.com\/rarebooks\/produkt\/die-kunst-stets-froelich-zu-seyn\/"},"modified":"2026-03-12T00:20:53","modified_gmt":"2026-03-11T23:20:53","slug":"sarasa-anton-alfons-von-die-kunst-stets-froelich-zu-seyn","status":"publish","type":"product","link":"https:\/\/antiquariat-steinbach.com\/rarebooks\/produkt\/sarasa-anton-alfons-von-die-kunst-stets-froelich-zu-seyn\/","title":{"rendered":"Sarasa, Anton Alfons von: &#8211;  Die Kunst stets fr\u00f6lich zu seyn."},"content":{"rendered":"<p>Helmstedt, Weygand 1747.<\/p>\n<p>17,5 : 10,5 cm. 15 Blatt, 315 Seiten mit gestochenem Frontispiz von Bernigroth. Halbpergamentband des fr\u00fchen 19. Jahrhunderts.<\/p>\n<p>120,00 EUR<\/p>\n","protected":false},"excerpt":{"rendered":"<p>Sarasa (1618-1667) war ein niederl\u00e4ndischer Jesuit und &#8222;gab zu Gent, Br\u00fcssel und Antwerpen einen Prediger mit gro\u00dfem Beifall ab&#8230;&#8220; (J\u00f6cher). &#8211; Sauber und frisch, nur vereinzelt gering wurmstichig, Frontispiz seitlich etwas knapp beschnitten; oberes Kapital gering eingerissen. &#8211; De Backer\/S. VII, 625. Zum Verfasser vgl. J\u00f6cher V, 143.<\/p>\n","protected":false},"featured_media":15928,"template":"","meta":[],"product_brand":[],"product_cat":[59,110,111,914],"product_tag":[],"class_list":{"0":"post-7137","1":"product","2":"type-product","3":"status-publish","4":"has-post-thumbnail","6":"product_cat-kulturgeschichte","7":"product_cat-theologie","8":"product_cat-varia","9":"product_cat-zvab","11":"first","12":"instock","13":"purchasable","14":"product-type-simple"},"_links":{"self":[{"href":"https:\/\/antiquariat-steinbach.com\/rarebooks\/wp-json\/wp\/v2\/product\/7137","targetHints":{"allow":["GET"]}}],"collection":[{"href":"https:\/\/antiquariat-steinbach.com\/rarebooks\/wp-json\/wp\/v2\/product"}],"about":[{"href":"https:\/\/antiquariat-steinbach.com\/rarebooks\/wp-json\/wp\/v2\/types\/product"}],"version-history":[{"count":3,"href":"https:\/\/antiquariat-steinbach.com\/rarebooks\/wp-json\/wp\/v2\/product\/7137\/revisions"}],"predecessor-version":[{"id":21491,"href":"https:\/\/antiquariat-steinbach.com\/rarebooks\/wp-json\/wp\/v2\/product\/7137\/revisions\/21491"}],"wp:featuredmedia":[{"embeddable":true,"href":"https:\/\/antiquariat-steinbach.com\/rarebooks\/wp-json\/wp\/v2\/media\/15928"}],"wp:attachment":[{"href":"https:\/\/antiquariat-steinbach.com\/rarebooks\/wp-json\/wp\/v2\/media?parent=7137"}],"wp:term":[{"taxonomy":"product_brand","embeddable":true,"href":"https:\/\/antiquariat-steinbach.com\/rarebooks\/wp-json\/wp\/v2\/product_brand?post=7137"},{"taxonomy":"product_cat","embeddable":true,"href":"https:\/\/antiquariat-steinbach.com\/rarebooks\/wp-json\/wp\/v2\/product_cat?post=7137"},{"taxonomy":"product_tag","embeddable":true,"href":"https:\/\/antiquariat-steinbach.com\/rarebooks\/wp-json\/wp\/v2\/product_tag?post=7137"}],"curies":[{"name":"wp","href":"https:\/\/api.w.org\/{rel}","templated":true}]}}