{"id":7131,"date":"2026-03-12T00:20:49","date_gmt":"2026-03-11T23:20:49","guid":{"rendered":"http:\/\/antiquariat-steinbach.com\/rarebooks\/produkt\/acta-s-stephani-das-ist-leben-und-geschichte-des-heil-stephani-worinnen-die-praerogativen-und-verehrung-des-geil-erz-maertyrers-und-der-kayserl-haupt-und-residenz-stadt-wien-erstennund-vorneh\/"},"modified":"2026-03-12T00:20:52","modified_gmt":"2026-03-11T23:20:52","slug":"sankt-stephan-acta-s-stephani-das-ist-leben-und-geschichte-des-heil-stephani-worinnen-die-praerogativen-und-verehrung-des-geil-erz-maertyrers-und-der-kayserl-haupt-und-residenz-stadt-wien","status":"publish","type":"product","link":"https:\/\/antiquariat-steinbach.com\/rarebooks\/produkt\/sankt-stephan-acta-s-stephani-das-ist-leben-und-geschichte-des-heil-stephani-worinnen-die-praerogativen-und-verehrung-des-geil-erz-maertyrers-und-der-kayserl-haupt-und-residenz-stadt-wien\/","title":{"rendered":"Sankt Stephan &#8211;   Acta S. Stephani&#8230;Das ist: Leben und Geschichte des Heil Stephani, worinnen die Praerogativen und Verehrung des Geil. Erz-M\u00e4rtyrers, und der Kayserl. Haupt- und Residenz-Stadt Wien erstennund vornehmsten Patrons aus bew\u00e4hrten Fontibus, gr\u00fcndlich und ausf\u00fchrlich vorgetragen werden."},"content":{"rendered":"<p>Wien, Schmidt, 1736.<\/p>\n<p>18 ; 11, 5 cm. Gestochenes Frontisp., 15 Blatt, 205 Seiten., Pappband der Zeit.<\/p>\n<p>120,00 EUR<\/p>\n","protected":false},"excerpt":{"rendered":"<p>Seltene Abhandlung \u00fcber den heiligen Stephan dem schutzpatron Wiens. &#8211; Teils etwas gebr\u00e4unt; Einband besch\u00e4digt.<\/p>\n","protected":false},"featured_media":0,"template":"","meta":[],"product_brand":[],"product_cat":[97,59,110,217,90,914],"product_tag":[],"class_list":{"0":"post-7131","1":"product","2":"type-product","3":"status-publish","5":"product_cat-geschichte","6":"product_cat-kulturgeschichte","7":"product_cat-theologie","8":"product_cat-vienna-austriaca","9":"product_cat-viennensia","10":"product_cat-zvab","12":"first","13":"instock","14":"purchasable","15":"product-type-simple"},"_links":{"self":[{"href":"https:\/\/antiquariat-steinbach.com\/rarebooks\/wp-json\/wp\/v2\/product\/7131","targetHints":{"allow":["GET"]}}],"collection":[{"href":"https:\/\/antiquariat-steinbach.com\/rarebooks\/wp-json\/wp\/v2\/product"}],"about":[{"href":"https:\/\/antiquariat-steinbach.com\/rarebooks\/wp-json\/wp\/v2\/types\/product"}],"version-history":[{"count":3,"href":"https:\/\/antiquariat-steinbach.com\/rarebooks\/wp-json\/wp\/v2\/product\/7131\/revisions"}],"predecessor-version":[{"id":21488,"href":"https:\/\/antiquariat-steinbach.com\/rarebooks\/wp-json\/wp\/v2\/product\/7131\/revisions\/21488"}],"wp:attachment":[{"href":"https:\/\/antiquariat-steinbach.com\/rarebooks\/wp-json\/wp\/v2\/media?parent=7131"}],"wp:term":[{"taxonomy":"product_brand","embeddable":true,"href":"https:\/\/antiquariat-steinbach.com\/rarebooks\/wp-json\/wp\/v2\/product_brand?post=7131"},{"taxonomy":"product_cat","embeddable":true,"href":"https:\/\/antiquariat-steinbach.com\/rarebooks\/wp-json\/wp\/v2\/product_cat?post=7131"},{"taxonomy":"product_tag","embeddable":true,"href":"https:\/\/antiquariat-steinbach.com\/rarebooks\/wp-json\/wp\/v2\/product_tag?post=7131"}],"curies":[{"name":"wp","href":"https:\/\/api.w.org\/{rel}","templated":true}]}}