{"id":7123,"date":"2026-03-12T00:20:49","date_gmt":"2026-03-11T23:20:49","guid":{"rendered":"http:\/\/antiquariat-steinbach.com\/rarebooks\/produkt\/bewaehrter-vorschriften-und-mittel-die-innere-wirthschaft-eines-hauses-zu-befoerdern-und-in-gutem-zustande-zu-erhalten\/"},"modified":"2026-03-12T00:20:50","modified_gmt":"2026-03-11T23:20:50","slug":"sammlung-bewaehrter-vorschriften-und-mittel-die-innere-wirthschaft-eines-hauses-zu-befoerdern-und-in-gutem-zustande-zu-erhalten","status":"publish","type":"product","link":"https:\/\/antiquariat-steinbach.com\/rarebooks\/produkt\/sammlung-bewaehrter-vorschriften-und-mittel-die-innere-wirthschaft-eines-hauses-zu-befoerdern-und-in-gutem-zustande-zu-erhalten\/","title":{"rendered":"Sammlung: &#8211;  Bew\u00e4hrter Vorschriften und Mittel, die innere Wirthschaft eines Hauses zu bef\u00f6rdern, und in gutem Zustande zu erhalten."},"content":{"rendered":"<p>Graz, Kienreich 1792.<\/p>\n<p>Dritter Theil (von 4). 17 : 10,5 cm. 126 Seiten, 7 Blatt Register Pappband der Zeit.<\/p>\n<p>45,00 EUR<\/p>\n","protected":false},"excerpt":{"rendered":"<p>N\u00fctzliches Handbuch mit Ratschl\u00e4gen wie man Ameisen vertreibt, Bleichen, Blumen zu erhalten, Elfenbein, gelb geworden, wieder wei\u00df zu machen, Fische einmarginiren etc.<\/p>\n","protected":false},"featured_media":0,"template":"","meta":[],"product_brand":[],"product_cat":[58,82,91,914],"product_tag":[],"class_list":{"0":"post-7123","1":"product","2":"type-product","3":"status-publish","5":"product_cat-gastronomie","6":"product_cat-naturwissenschaften","7":"product_cat-wirtschaft","8":"product_cat-zvab","10":"first","11":"instock","12":"purchasable","13":"product-type-simple"},"_links":{"self":[{"href":"https:\/\/antiquariat-steinbach.com\/rarebooks\/wp-json\/wp\/v2\/product\/7123","targetHints":{"allow":["GET"]}}],"collection":[{"href":"https:\/\/antiquariat-steinbach.com\/rarebooks\/wp-json\/wp\/v2\/product"}],"about":[{"href":"https:\/\/antiquariat-steinbach.com\/rarebooks\/wp-json\/wp\/v2\/types\/product"}],"version-history":[{"count":3,"href":"https:\/\/antiquariat-steinbach.com\/rarebooks\/wp-json\/wp\/v2\/product\/7123\/revisions"}],"predecessor-version":[{"id":21486,"href":"https:\/\/antiquariat-steinbach.com\/rarebooks\/wp-json\/wp\/v2\/product\/7123\/revisions\/21486"}],"wp:attachment":[{"href":"https:\/\/antiquariat-steinbach.com\/rarebooks\/wp-json\/wp\/v2\/media?parent=7123"}],"wp:term":[{"taxonomy":"product_brand","embeddable":true,"href":"https:\/\/antiquariat-steinbach.com\/rarebooks\/wp-json\/wp\/v2\/product_brand?post=7123"},{"taxonomy":"product_cat","embeddable":true,"href":"https:\/\/antiquariat-steinbach.com\/rarebooks\/wp-json\/wp\/v2\/product_cat?post=7123"},{"taxonomy":"product_tag","embeddable":true,"href":"https:\/\/antiquariat-steinbach.com\/rarebooks\/wp-json\/wp\/v2\/product_tag?post=7123"}],"curies":[{"name":"wp","href":"https:\/\/api.w.org\/{rel}","templated":true}]}}