{"id":7111,"date":"2026-03-12T00:20:46","date_gmt":"2026-03-11T23:20:46","guid":{"rendered":"http:\/\/antiquariat-steinbach.com\/rarebooks\/produkt\/come-to-salzburg\/"},"modified":"2026-03-12T00:20:48","modified_gmt":"2026-03-11T23:20:48","slug":"salzburg-nevhardt-e-come-to-salzburg","status":"publish","type":"product","link":"https:\/\/antiquariat-steinbach.com\/rarebooks\/produkt\/salzburg-nevhardt-e-come-to-salzburg\/","title":{"rendered":"Salzburg &#8211;   Nevhardt, E. &#8211;  Come to Salzburg."},"content":{"rendered":"<p>O.O. o.J.<\/p>\n<p>15,5 : 11 cm. 3 farbige Aquarelle, monogrammiert VE und auf schwarzem Karton montiert. Schwarze Karton-Mappe mit Titel in Silber.<\/p>\n<p>450,00 EUR<\/p>\n","protected":false},"excerpt":{"rendered":"<p>Sorgf\u00e4ltig ausgef\u00fchrte Aquarelle mit Motiven aus der Stadt Salzburg, zwei mit Schrift &#8218;Come to Salzburg&#8216; eines mit der Schrift &#8218;Salzburg invited&#8216;. Jeweils durch Transparentpapier gesch\u00fctzt, diese mit Stempel &#8218;Die unbefugte Benutzung und Vervielf\u00e4ltigung&#8230;laut Gesetz von 1895 und 1923&#8230;verboten&#8216;. Seltene Werbung f\u00fcr Salzburg.<\/p>\n","protected":false},"featured_media":15920,"template":"","meta":[],"product_brand":[],"product_cat":[71,153,296,87,914],"product_tag":[],"class_list":{"0":"post-7111","1":"product","2":"type-product","3":"status-publish","4":"has-post-thumbnail","6":"product_cat-austriaca","7":"product_cat-graphik","8":"product_cat-salzburg","9":"product_cat-werbung","10":"product_cat-zvab","12":"first","13":"instock","14":"purchasable","15":"product-type-simple"},"_links":{"self":[{"href":"https:\/\/antiquariat-steinbach.com\/rarebooks\/wp-json\/wp\/v2\/product\/7111","targetHints":{"allow":["GET"]}}],"collection":[{"href":"https:\/\/antiquariat-steinbach.com\/rarebooks\/wp-json\/wp\/v2\/product"}],"about":[{"href":"https:\/\/antiquariat-steinbach.com\/rarebooks\/wp-json\/wp\/v2\/types\/product"}],"version-history":[{"count":3,"href":"https:\/\/antiquariat-steinbach.com\/rarebooks\/wp-json\/wp\/v2\/product\/7111\/revisions"}],"predecessor-version":[{"id":21480,"href":"https:\/\/antiquariat-steinbach.com\/rarebooks\/wp-json\/wp\/v2\/product\/7111\/revisions\/21480"}],"wp:featuredmedia":[{"embeddable":true,"href":"https:\/\/antiquariat-steinbach.com\/rarebooks\/wp-json\/wp\/v2\/media\/15920"}],"wp:attachment":[{"href":"https:\/\/antiquariat-steinbach.com\/rarebooks\/wp-json\/wp\/v2\/media?parent=7111"}],"wp:term":[{"taxonomy":"product_brand","embeddable":true,"href":"https:\/\/antiquariat-steinbach.com\/rarebooks\/wp-json\/wp\/v2\/product_brand?post=7111"},{"taxonomy":"product_cat","embeddable":true,"href":"https:\/\/antiquariat-steinbach.com\/rarebooks\/wp-json\/wp\/v2\/product_cat?post=7111"},{"taxonomy":"product_tag","embeddable":true,"href":"https:\/\/antiquariat-steinbach.com\/rarebooks\/wp-json\/wp\/v2\/product_tag?post=7111"}],"curies":[{"name":"wp","href":"https:\/\/api.w.org\/{rel}","templated":true}]}}