{"id":7099,"date":"2026-03-12T00:20:46","date_gmt":"2026-03-11T23:20:46","guid":{"rendered":"http:\/\/antiquariat-steinbach.com\/rarebooks\/produkt\/bougie-die-perle-nord-afrikas-2\/"},"modified":"2026-03-12T00:20:47","modified_gmt":"2026-03-11T23:20:47","slug":"salvador-luis-archiduque-bougie-die-perle-nord-afrikas","status":"publish","type":"product","link":"https:\/\/antiquariat-steinbach.com\/rarebooks\/produkt\/salvador-luis-archiduque-bougie-die-perle-nord-afrikas\/","title":{"rendered":"(Salvador, Luis Archiduque: &#8211;  Bougie, die Perle Nord-Afrikas."},"content":{"rendered":"<p>Prag, Mercy 1899.<\/p>\n<p>45,5 : 34 cm. VII, 122 p\u00e1ginas con 32 l\u00e1minas, 1 mapa de doble p\u00e1gina litografiado en color y 1 grabado en madera en el texto. Media tela editorial ilustrado en color, estuche original.<\/p>\n<p>480,00 EUR<\/p>\n","protected":false},"excerpt":{"rendered":"<p>Primera y unica edici\u00f3n, esta bien ilustrada e importante monografia de la peque\u00f1a cuidad de Bougie en Algeria. Las l\u00e1minas despues de dibujos del autor. Como todas las obras del archiduque impresos a sus gastos en peque\u00f1as tiradas. &#8211; Ejemplar con grandes margenes.<\/p>\n","protected":false},"featured_media":15918,"template":"","meta":[],"product_brand":[],"product_cat":[64,65,914],"product_tag":[],"class_list":{"0":"post-7099","1":"product","2":"type-product","3":"status-publish","4":"has-post-thumbnail","6":"product_cat-afrika","7":"product_cat-geographie","8":"product_cat-zvab","10":"first","11":"instock","12":"purchasable","13":"product-type-simple"},"_links":{"self":[{"href":"https:\/\/antiquariat-steinbach.com\/rarebooks\/wp-json\/wp\/v2\/product\/7099","targetHints":{"allow":["GET"]}}],"collection":[{"href":"https:\/\/antiquariat-steinbach.com\/rarebooks\/wp-json\/wp\/v2\/product"}],"about":[{"href":"https:\/\/antiquariat-steinbach.com\/rarebooks\/wp-json\/wp\/v2\/types\/product"}],"version-history":[{"count":3,"href":"https:\/\/antiquariat-steinbach.com\/rarebooks\/wp-json\/wp\/v2\/product\/7099\/revisions"}],"predecessor-version":[{"id":21474,"href":"https:\/\/antiquariat-steinbach.com\/rarebooks\/wp-json\/wp\/v2\/product\/7099\/revisions\/21474"}],"wp:featuredmedia":[{"embeddable":true,"href":"https:\/\/antiquariat-steinbach.com\/rarebooks\/wp-json\/wp\/v2\/media\/15918"}],"wp:attachment":[{"href":"https:\/\/antiquariat-steinbach.com\/rarebooks\/wp-json\/wp\/v2\/media?parent=7099"}],"wp:term":[{"taxonomy":"product_brand","embeddable":true,"href":"https:\/\/antiquariat-steinbach.com\/rarebooks\/wp-json\/wp\/v2\/product_brand?post=7099"},{"taxonomy":"product_cat","embeddable":true,"href":"https:\/\/antiquariat-steinbach.com\/rarebooks\/wp-json\/wp\/v2\/product_cat?post=7099"},{"taxonomy":"product_tag","embeddable":true,"href":"https:\/\/antiquariat-steinbach.com\/rarebooks\/wp-json\/wp\/v2\/product_tag?post=7099"}],"curies":[{"name":"wp","href":"https:\/\/api.w.org\/{rel}","templated":true}]}}