{"id":7093,"date":"2026-03-12T00:20:44","date_gmt":"2026-03-11T23:20:44","guid":{"rendered":"http:\/\/antiquariat-steinbach.com\/rarebooks\/produkt\/eloge-de-la-table\/"},"modified":"2026-03-12T00:20:46","modified_gmt":"2026-03-11T23:20:46","slug":"saint-georges-andre-eloge-de-la-table","status":"publish","type":"product","link":"https:\/\/antiquariat-steinbach.com\/rarebooks\/produkt\/saint-georges-andre-eloge-de-la-table\/","title":{"rendered":"Saint-Georges, Andr\u00e9: &#8211;  \u00c9loge de la table."},"content":{"rendered":"<p>(Bourg-le-Reine, 1949).<\/p>\n<p>23,5 : 25,5 cm. 207 Seiten, 4 Blatt mit einer Original-Radierung mit Remarque, 18 Tafeln und vielen farbigen Illustrationen von Herv\u00e9 Baille. Lose Bogen in Original-Umschlag, Original-Pappdecken, Schuber.<\/p>\n<p>250,00 EUR<\/p>\n","protected":false},"excerpt":{"rendered":"<p>Eines von 400 numerierten Exemplaren. &#8211; Mit am\u00fcsanten, teils karikierenden Illustrationen. Gedruckt f\u00fcr &#8222;La confr\u00e9rie des chevaliers du Tastevin&#8220;. &#8211; Schuber etwas berieben.<\/p>\n","protected":false},"featured_media":0,"template":"","meta":[],"product_brand":[],"product_cat":[29,58,914],"product_tag":[],"class_list":{"0":"post-7093","1":"product","2":"type-product","3":"status-publish","5":"product_cat-20-jahrhundert","6":"product_cat-gastronomie","7":"product_cat-zvab","9":"first","10":"instock","11":"purchasable","12":"product-type-simple"},"_links":{"self":[{"href":"https:\/\/antiquariat-steinbach.com\/rarebooks\/wp-json\/wp\/v2\/product\/7093","targetHints":{"allow":["GET"]}}],"collection":[{"href":"https:\/\/antiquariat-steinbach.com\/rarebooks\/wp-json\/wp\/v2\/product"}],"about":[{"href":"https:\/\/antiquariat-steinbach.com\/rarebooks\/wp-json\/wp\/v2\/types\/product"}],"version-history":[{"count":3,"href":"https:\/\/antiquariat-steinbach.com\/rarebooks\/wp-json\/wp\/v2\/product\/7093\/revisions"}],"predecessor-version":[{"id":21471,"href":"https:\/\/antiquariat-steinbach.com\/rarebooks\/wp-json\/wp\/v2\/product\/7093\/revisions\/21471"}],"wp:attachment":[{"href":"https:\/\/antiquariat-steinbach.com\/rarebooks\/wp-json\/wp\/v2\/media?parent=7093"}],"wp:term":[{"taxonomy":"product_brand","embeddable":true,"href":"https:\/\/antiquariat-steinbach.com\/rarebooks\/wp-json\/wp\/v2\/product_brand?post=7093"},{"taxonomy":"product_cat","embeddable":true,"href":"https:\/\/antiquariat-steinbach.com\/rarebooks\/wp-json\/wp\/v2\/product_cat?post=7093"},{"taxonomy":"product_tag","embeddable":true,"href":"https:\/\/antiquariat-steinbach.com\/rarebooks\/wp-json\/wp\/v2\/product_tag?post=7093"}],"curies":[{"name":"wp","href":"https:\/\/api.w.org\/{rel}","templated":true}]}}