{"id":7089,"date":"2026-03-12T00:20:44","date_gmt":"2026-03-11T23:20:44","guid":{"rendered":"http:\/\/antiquariat-steinbach.com\/rarebooks\/produkt\/illustrirtes-budapester-kochbuch\/"},"modified":"2026-03-12T00:20:46","modified_gmt":"2026-03-11T23:20:46","slug":"saint-hilaire-u-a-illustrirtes-budapester-kochbuch","status":"publish","type":"product","link":"https:\/\/antiquariat-steinbach.com\/rarebooks\/produkt\/saint-hilaire-u-a-illustrirtes-budapester-kochbuch\/","title":{"rendered":"Saint Hilaire u.a.: &#8211;  Illustrirtes Budapester Kochbuch."},"content":{"rendered":"<p>Budapest, Lampel o.J. (um 1890).<\/p>\n<p>19,5 : 13,5 cm. 594 Seiten Halbleinenband der Zeit mit illustriertem Vorderdeckel.<\/p>\n<p>120,00 EUR<\/p>\n","protected":false},"excerpt":{"rendered":"<p>Das beliebte Kochbuch enth\u00e4lt \u00fcber 1000 verschiedene Rezepte. &#8211; Papierbedingt gebr\u00e4unt; Einband besonders an den Kanten berieben.<\/p>\n","protected":false},"featured_media":27500,"template":"","meta":[],"product_brand":[],"product_cat":[58,112,914],"product_tag":[],"class_list":{"0":"post-7089","1":"product","2":"type-product","3":"status-publish","4":"has-post-thumbnail","6":"product_cat-gastronomie","7":"product_cat-kochbuecher","8":"product_cat-zvab","10":"first","11":"instock","12":"purchasable","13":"product-type-simple"},"_links":{"self":[{"href":"https:\/\/antiquariat-steinbach.com\/rarebooks\/wp-json\/wp\/v2\/product\/7089","targetHints":{"allow":["GET"]}}],"collection":[{"href":"https:\/\/antiquariat-steinbach.com\/rarebooks\/wp-json\/wp\/v2\/product"}],"about":[{"href":"https:\/\/antiquariat-steinbach.com\/rarebooks\/wp-json\/wp\/v2\/types\/product"}],"version-history":[{"count":3,"href":"https:\/\/antiquariat-steinbach.com\/rarebooks\/wp-json\/wp\/v2\/product\/7089\/revisions"}],"predecessor-version":[{"id":21469,"href":"https:\/\/antiquariat-steinbach.com\/rarebooks\/wp-json\/wp\/v2\/product\/7089\/revisions\/21469"}],"wp:featuredmedia":[{"embeddable":true,"href":"https:\/\/antiquariat-steinbach.com\/rarebooks\/wp-json\/wp\/v2\/media\/27500"}],"wp:attachment":[{"href":"https:\/\/antiquariat-steinbach.com\/rarebooks\/wp-json\/wp\/v2\/media?parent=7089"}],"wp:term":[{"taxonomy":"product_brand","embeddable":true,"href":"https:\/\/antiquariat-steinbach.com\/rarebooks\/wp-json\/wp\/v2\/product_brand?post=7089"},{"taxonomy":"product_cat","embeddable":true,"href":"https:\/\/antiquariat-steinbach.com\/rarebooks\/wp-json\/wp\/v2\/product_cat?post=7089"},{"taxonomy":"product_tag","embeddable":true,"href":"https:\/\/antiquariat-steinbach.com\/rarebooks\/wp-json\/wp\/v2\/product_tag?post=7089"}],"curies":[{"name":"wp","href":"https:\/\/api.w.org\/{rel}","templated":true}]}}