{"id":7071,"date":"2026-03-12T00:20:44","date_gmt":"2026-03-11T23:20:44","guid":{"rendered":"http:\/\/antiquariat-steinbach.com\/rarebooks\/produkt\/neues-berner-kochbuch-oder-anleitung-die-im-gewoehnlichen-leben-sowohl-als-bei-fest-anlaessen-ueblichen-speisen-auf-die-schmackhafteste-art-zuzubereiten-nebst-einer-bildlichen-darstellung-wie-die-ge\/"},"modified":"2026-03-12T00:20:45","modified_gmt":"2026-03-11T23:20:45","slug":"rytz-l-geb-dick-neues-berner-kochbuch-oder-anleitung-die-im-gewoehnlichen-leben-sowohl-als-bei-fest-anlaessen-ueblichen-speisen-auf-die-schmackhafteste-art-zuzubereiten-nebst-einer-bildlichen","status":"publish","type":"product","link":"https:\/\/antiquariat-steinbach.com\/rarebooks\/produkt\/rytz-l-geb-dick-neues-berner-kochbuch-oder-anleitung-die-im-gewoehnlichen-leben-sowohl-als-bei-fest-anlaessen-ueblichen-speisen-auf-die-schmackhafteste-art-zuzubereiten-nebst-einer-bildlichen\/","title":{"rendered":"Rytz, L., geb. Dick: &#8211;  Neues Berner Kochbuch oder Anleitung die im gew\u00f6hnlichen Leben sowohl als bei Fest-Anl\u00e4ssen \u00fcblichen Speisen auf die schmackhafteste Art zuzubereiten; nebst einer bildlichen Darstellung, wie die Gerichte auf dem Tische gef\u00e4llig zu ordnen sind."},"content":{"rendered":"<p>Bern, R\u00e4tzer 1840.<\/p>\n<p>3. vermehrte Auflage. 20 : 12 cm. XVII Seiten, 1 Blatt, 352 Seiten Pappband der Zeit.<\/p>\n<p>210,00 EUR<\/p>\n","protected":false},"excerpt":{"rendered":"<p>\u00dcberaus erfolgreiches, in zahlreichen Auflagen und Bearbeitungen noch bis weit ins 20. Jahrhundert erschienenes Kochbuch. &#8211; Stockfleckig; Einband berieben und bestossen. &#8211; Weiss 3303; vgl. Horn-A. 574; Georg 1331 (beide nur sp\u00e4tere Auflagen).<\/p>\n","protected":false},"featured_media":0,"template":"","meta":[],"product_brand":[],"product_cat":[58,100,112,914],"product_tag":[],"class_list":{"0":"post-7071","1":"product","2":"type-product","3":"status-publish","5":"product_cat-gastronomie","6":"product_cat-helvetica","7":"product_cat-kochbuecher","8":"product_cat-zvab","10":"first","11":"instock","12":"purchasable","13":"product-type-simple"},"_links":{"self":[{"href":"https:\/\/antiquariat-steinbach.com\/rarebooks\/wp-json\/wp\/v2\/product\/7071","targetHints":{"allow":["GET"]}}],"collection":[{"href":"https:\/\/antiquariat-steinbach.com\/rarebooks\/wp-json\/wp\/v2\/product"}],"about":[{"href":"https:\/\/antiquariat-steinbach.com\/rarebooks\/wp-json\/wp\/v2\/types\/product"}],"version-history":[{"count":3,"href":"https:\/\/antiquariat-steinbach.com\/rarebooks\/wp-json\/wp\/v2\/product\/7071\/revisions"}],"predecessor-version":[{"id":21462,"href":"https:\/\/antiquariat-steinbach.com\/rarebooks\/wp-json\/wp\/v2\/product\/7071\/revisions\/21462"}],"wp:attachment":[{"href":"https:\/\/antiquariat-steinbach.com\/rarebooks\/wp-json\/wp\/v2\/media?parent=7071"}],"wp:term":[{"taxonomy":"product_brand","embeddable":true,"href":"https:\/\/antiquariat-steinbach.com\/rarebooks\/wp-json\/wp\/v2\/product_brand?post=7071"},{"taxonomy":"product_cat","embeddable":true,"href":"https:\/\/antiquariat-steinbach.com\/rarebooks\/wp-json\/wp\/v2\/product_cat?post=7071"},{"taxonomy":"product_tag","embeddable":true,"href":"https:\/\/antiquariat-steinbach.com\/rarebooks\/wp-json\/wp\/v2\/product_tag?post=7071"}],"curies":[{"name":"wp","href":"https:\/\/api.w.org\/{rel}","templated":true}]}}